{"id":7072,"date":"2022-09-15T14:58:42","date_gmt":"2022-09-15T14:58:42","guid":{"rendered":"http:\/\/saiscompensati.com\/tradition\/"},"modified":"2023-05-03T15:44:59","modified_gmt":"2023-05-03T15:44:59","slug":"tradition","status":"publish","type":"page","link":"https:\/\/saiscompensati.com\/de\/tradition\/","title":{"rendered":"Tradition"},"content":{"rendered":"<p>[et_pb_section fb_built=&#8220;1&#8243; _builder_version=&#8220;4.18.0&#8243; _module_preset=&#8220;default&#8220; custom_padding=&#8220;0px||0px||false|false&#8220; global_colors_info=&#8220;{}&#8220;][et_pb_row column_structure=&#8220;2_3,1_3&#8243; make_equal=&#8220;on&#8220; _builder_version=&#8220;4.18.0&#8243; _module_preset=&#8220;default&#8220; background_color=&#8220;#B2191D&#8220; width=&#8220;100%&#8220; max_width=&#8220;100%&#8220; height=&#8220;400px&#8220; custom_padding=&#8220;0px||0px|0px|false|false&#8220; global_colors_info=&#8220;{}&#8220;][et_pb_column type=&#8220;2_3&#8243; _builder_version=&#8220;4.18.0&#8243; _module_preset=&#8220;default&#8220; custom_padding=&#8220;10%|8%|10%|8%|false|false&#8220; global_colors_info=&#8220;{}&#8220;][et_pb_text _builder_version=&#8220;4.18.0&#8243; _module_preset=&#8220;default&#8220; header_font=&#8220;|700|||||||&#8220; header_text_color=&#8220;#FFFFFF&#8220; header_font_size=&#8220;50px&#8220; header_line_height=&#8220;1.2em&#8220; global_colors_info=&#8220;{}&#8220;]<\/p>\n<h1>Eine Tradition, die von einer Generation zur n\u00e4chsten weitergegeben wurde.<\/h1>\n<p>[\/et_pb_text][\/et_pb_column][et_pb_column type=&#8220;1_3&#8243; _builder_version=&#8220;4.18.0&#8243; _module_preset=&#8220;default&#8220; background_image=&#8220;http:\/\/saiscompensati.com\/wp-content\/uploads\/2022\/09\/tradizione.jpg&#8220; background_position=&#8220;top_center&#8220; custom_padding=&#8220;||||false|false&#8220; global_colors_info=&#8220;{}&#8220;][et_pb_divider show_divider=&#8220;off&#8220; _builder_version=&#8220;4.18.0&#8243; _module_preset=&#8220;default&#8220; min_height=&#8220;350px&#8220; custom_padding=&#8220;||||false|false&#8220; global_colors_info=&#8220;{}&#8220;][\/et_pb_divider][\/et_pb_column][\/et_pb_row][\/et_pb_section][et_pb_section fb_built=&#8220;1&#8243; disabled_on=&#8220;on|on|off&#8220; _builder_version=&#8220;4.18.0&#8243; _module_preset=&#8220;default&#8220; use_background_color_gradient=&#8220;on&#8220; background_color_gradient_direction=&#8220;90deg&#8220; background_color_gradient_stops=&#8220;#f8f8f8 33%|#ffffff 33%&#8220; global_colors_info=&#8220;{}&#8220;][et_pb_row column_structure=&#8220;1_3,2_3&#8243; _builder_version=&#8220;4.18.0&#8243; _module_preset=&#8220;default&#8220; max_width=&#8220;1280px&#8220; global_colors_info=&#8220;{}&#8220;][et_pb_column type=&#8220;1_3&#8243; _builder_version=&#8220;4.18.0&#8243; _module_preset=&#8220;default&#8220; global_colors_info=&#8220;{}&#8220;][\/et_pb_column][et_pb_column type=&#8220;2_3&#8243; _builder_version=&#8220;4.18.0&#8243; _module_preset=&#8220;default&#8220; global_colors_info=&#8220;{}&#8220;][et_pb_text _builder_version=&#8220;4.18.0&#8243; _module_preset=&#8220;default&#8220; header_2_font=&#8220;|700|||||||&#8220; header_2_font_size=&#8220;42px&#8220; custom_margin=&#8220;|||0px|false|false&#8220; custom_padding=&#8220;|||0px|false|false&#8220; global_colors_info=&#8220;{}&#8220;]<\/p>\n<h2> Die Gr\u00fcndung des Unternehmens<\/h2>\n<p>[\/et_pb_text][\/et_pb_column][\/et_pb_row][et_pb_row column_structure=&#8220;1_3,1_3,1_3&#8243; _builder_version=&#8220;4.18.0&#8243; _module_preset=&#8220;default&#8220; max_width=&#8220;1280px&#8220; global_colors_info=&#8220;{}&#8220;][et_pb_column type=&#8220;1_3&#8243; _builder_version=&#8220;4.18.0&#8243; _module_preset=&#8220;default&#8220; custom_padding=&#8220;|25px||0px|false|false&#8220; global_colors_info=&#8220;{}&#8220;][et_pb_text _builder_version=&#8220;4.18.0&#8243; _module_preset=&#8220;default&#8220; text_font=&#8220;Gilda Display||||||||&#8220; text_text_color=&#8220;#4B4B4B&#8220; text_font_size=&#8220;35px&#8220; text_line_height=&#8220;1.2em&#8220; header_font=&#8220;Gilda Display||||||||&#8220; global_colors_info=&#8220;{}&#8220;]<\/p>\n<h1><span style=\"font-size: 90px;\">\u201c<\/span><\/h1>\n<p>Der Geruch von Holz treibt uns jeden Tag in unserer Arbeit an<\/p>\n<p>[\/et_pb_text][\/et_pb_column][et_pb_column type=&#8220;1_3&#8243; _builder_version=&#8220;4.18.0&#8243; _module_preset=&#8220;default&#8220; global_colors_info=&#8220;{}&#8220;][et_pb_text _builder_version=&#8220;4.18.0&#8243; _module_preset=&#8220;default&#8220; global_colors_info=&#8220;{}&#8220;]<\/p>\n<p><strong>Unsere Firmengeschichte erz\u00e4hlt von Leidenschaft, Liebe, Tradition und Familie.<\/strong><br \/>Eine Geschichte, die vor vielen Jahren begann, im Jahr 1947, als unser Gro\u00dfvater Benedetto in einer Garage im Zentrum von Gattinara begann, was sp\u00e4ter Sais Compensati werden sollte.<\/p>\n<p>All dies ist f\u00fcr uns eine t\u00e4gliche Routine,<strong> in der uns der Duft von Holz umgibt ,<\/strong>, in der wir die Zusammensetzung des Sperrholzes mit unseren H\u00e4nden ber\u00fchren und sp\u00fcren k\u00f6nnen, in der das Wort &#8222;Familie&#8220; eins wird mit dem Wort &#8222;Firma&#8220;.<\/p>\n<p>[\/et_pb_text][\/et_pb_column][et_pb_column type=&#8220;1_3&#8243; _builder_version=&#8220;4.18.0&#8243; _module_preset=&#8220;default&#8220; global_colors_info=&#8220;{}&#8220;][et_pb_text _builder_version=&#8220;4.18.0&#8243; _module_preset=&#8220;default&#8220; global_colors_info=&#8220;{}&#8220;]<\/p>\n<p>SAIS wurde in der Nachkriegszeit fast zuf\u00e4llig geboren, als ein Nachbar, der eine Sperrholzfirma in der Stadt besa\u00df, unseren Gro\u00dfvater bat, ihm bei der Herstellung von Kindersitzen aus Buchenholz f\u00fcr Schulen zu helfen.<\/p>\n<p>Langsam wurden die ersten Pressen gekauft und, unter Ausnutzung der Schlie\u00dfungstage der Fabrik dieses Nachbarn, in der bereits einige Maschinen vorhanden waren, begann unser Gro\u00dfvater seinen Weg in der Experimentierung mit Holzarbeiten.<\/p>\n<p>[\/et_pb_text][\/et_pb_column][\/et_pb_row][\/et_pb_section][et_pb_section fb_built=&#8220;1&#8243; disabled_on=&#8220;off|off|on&#8220; _builder_version=&#8220;4.18.0&#8243; _module_preset=&#8220;default&#8220; use_background_color_gradient=&#8220;on&#8220; background_color_gradient_direction=&#8220;90deg&#8220; background_color_gradient_stops=&#8220;#f8f8f8 92%|#ffffff 100%&#8220; global_colors_info=&#8220;{}&#8220;][et_pb_row column_structure=&#8220;1_3,1_3,1_3&#8243; _builder_version=&#8220;4.18.0&#8243; _module_preset=&#8220;default&#8220; max_width=&#8220;1280px&#8220; global_colors_info=&#8220;{}&#8220;][et_pb_column type=&#8220;1_3&#8243; _builder_version=&#8220;4.18.0&#8243; _module_preset=&#8220;default&#8220; custom_padding=&#8220;|25px||0px|false|false&#8220; global_colors_info=&#8220;{}&#8220;][et_pb_text _builder_version=&#8220;4.18.0&#8243; _module_preset=&#8220;default&#8220; text_font=&#8220;Gilda Display||||||||&#8220; text_text_color=&#8220;#4B4B4B&#8220; text_font_size=&#8220;35px&#8220; text_line_height=&#8220;1.2em&#8220; header_font=&#8220;Gilda Display||||||||&#8220; global_colors_info=&#8220;{}&#8220;]<\/p>\n<h1><span style=\"font-size: 90px;\">\u201c<\/span><\/h1>\n<p>Der Geruch von Holz treibt uns jeden Tag in unserer Arbeit an<\/p>\n<p>[\/et_pb_text][\/et_pb_column][et_pb_column type=&#8220;1_3&#8243; _builder_version=&#8220;4.18.0&#8243; _module_preset=&#8220;default&#8220; global_colors_info=&#8220;{}&#8220;][et_pb_text _builder_version=&#8220;4.18.0&#8243; _module_preset=&#8220;default&#8220; header_2_font=&#8220;|700|||||||&#8220; header_2_font_size=&#8220;42px&#8220; custom_margin=&#8220;|||0px|false|false&#8220; custom_padding=&#8220;|||0px|false|false&#8220; global_colors_info=&#8220;{}&#8220;]<\/p>\n<h2> Die Gr\u00fcndung des Unternehmens<\/h2>\n<p>[\/et_pb_text][et_pb_text _builder_version=&#8220;4.18.0&#8243; _module_preset=&#8220;default&#8220; global_colors_info=&#8220;{}&#8220;]<\/p>\n<p><strong>Unsere Firmengeschichte erz\u00e4hlt von Leidenschaft, Liebe, Tradition und Familie.<\/strong><br \/>Eine Geschichte, die vor vielen Jahren begann, im Jahr 1947, als unser Gro\u00dfvater Benedetto in einer Garage im Zentrum von Gattinara begann, was sp\u00e4ter Sais Compensati werden sollte.<\/p>\n<p>All dies ist f\u00fcr uns eine t\u00e4gliche Routine,<strong> in der uns der Duft von Holz umgibt ,<\/strong>, in der wir die Zusammensetzung des Sperrholzes mit unseren H\u00e4nden ber\u00fchren und sp\u00fcren k\u00f6nnen, in der das Wort &#8222;Familie&#8220; eins wird mit dem Wort &#8222;Firma&#8220;.<\/p>\n<p>[\/et_pb_text][\/et_pb_column][et_pb_column type=&#8220;1_3&#8243; _builder_version=&#8220;4.18.0&#8243; _module_preset=&#8220;default&#8220; global_colors_info=&#8220;{}&#8220;][et_pb_text _builder_version=&#8220;4.18.0&#8243; _module_preset=&#8220;default&#8220; global_colors_info=&#8220;{}&#8220;]<\/p>\n<p>SAIS wurde in der Nachkriegszeit fast zuf\u00e4llig geboren, als ein Nachbar, der eine Sperrholzfirma in der Stadt besa\u00df, unseren Gro\u00dfvater bat, ihm bei der Herstellung von Kindersitzen aus Buchenholz f\u00fcr Schulen zu helfen.<\/p>\n<p>Langsam wurden die ersten Pressen gekauft und, unter Ausnutzung der Schlie\u00dfungstage der Fabrik dieses Nachbarn, in der bereits einige Maschinen vorhanden waren, begann unser Gro\u00dfvater seinen Weg in der Experimentierung mit Holzarbeiten.<\/p>\n<p>[\/et_pb_text][\/et_pb_column][\/et_pb_row][\/et_pb_section][et_pb_section fb_built=&#8220;1&#8243; _builder_version=&#8220;4.18.0&#8243; _module_preset=&#8220;default&#8220; global_colors_info=&#8220;{}&#8220;][et_pb_row column_structure=&#8220;1_3,2_3&#8243; _builder_version=&#8220;4.18.0&#8243; _module_preset=&#8220;default&#8220; max_width=&#8220;1280px&#8220; locked=&#8220;off&#8220; global_colors_info=&#8220;{}&#8220;][et_pb_column type=&#8220;1_3&#8243; _builder_version=&#8220;4.18.0&#8243; _module_preset=&#8220;default&#8220; global_colors_info=&#8220;{}&#8220;][et_pb_text _builder_version=&#8220;4.18.0&#8243; _module_preset=&#8220;default&#8220; global_colors_info=&#8220;{}&#8220;]<\/p>\n<p>Die Wurzeln unseres Unternehmens begannen zu wachsen und einige Zeit sp\u00e4ter wurde mit dem Kauf von Land au\u00dferhalb von Gattinara begonnen, um das Gesch\u00e4ft zu entwickeln.<\/p>\n<p>Schritt f\u00fcr Schritt, Generation f\u00fcr Generation, Maschine f\u00fcr Maschine begann unser Unternehmen zu entstehen. Ein Unternehmen, das in der Lage ist, methodisch und mit guter Zuverl\u00e4ssigkeit ein Produkt von wachsender Qualit\u00e4t zu schaffen, zu innovieren und zu produzieren.<\/p>\n<p>[\/et_pb_text][\/et_pb_column][et_pb_column type=&#8220;2_3&#8243; _builder_version=&#8220;4.18.0&#8243; _module_preset=&#8220;default&#8220; global_colors_info=&#8220;{}&#8220;][et_pb_image src=&#8220;http:\/\/saiscompensati.com\/wp-content\/uploads\/2022\/09\/tradizione-2.jpg&#8220; title_text=&#8220;tradizione-2&#8243; align=&#8220;center&#8220; _builder_version=&#8220;4.18.0&#8243; _module_preset=&#8220;default&#8220; global_colors_info=&#8220;{}&#8220;][\/et_pb_image][\/et_pb_column][\/et_pb_row][\/et_pb_section][et_pb_section fb_built=&#8220;1&#8243; _builder_version=&#8220;4.18.0&#8243; _module_preset=&#8220;default&#8220; custom_padding=&#8220;1px|||||&#8220; global_colors_info=&#8220;{}&#8220;][et_pb_row _builder_version=&#8220;4.18.0&#8243; _module_preset=&#8220;default&#8220; global_colors_info=&#8220;{}&#8220; custom_padding=&#8220;3px|||||&#8220;][et_pb_column type=&#8220;4_4&#8243; _builder_version=&#8220;4.18.0&#8243; _module_preset=&#8220;default&#8220; global_colors_info=&#8220;{}&#8220;][et_pb_video src=&#8220;https:\/\/www.youtube.com\/watch?v=YTElCA_tEAI&#8220; _builder_version=&#8220;4.18.0&#8243; _module_preset=&#8220;default&#8220; hover_enabled=&#8220;0&#8243; sticky_enabled=&#8220;0&#8243;][\/et_pb_video][\/et_pb_column][\/et_pb_row][\/et_pb_section][et_pb_section fb_built=&#8220;1&#8243; _builder_version=&#8220;4.18.0&#8243; _module_preset=&#8220;default&#8220; background_color=&#8220;#F8F8F8&#8243; background_image=&#8220;http:\/\/saiscompensati.com\/wp-content\/uploads\/2022\/09\/wood.png&#8220; global_colors_info=&#8220;{}&#8220;][et_pb_row column_structure=&#8220;1_2,1_2&#8243; make_equal=&#8220;on&#8220; module_class=&#8220;declar-center-row&#8220; _builder_version=&#8220;4.18.0&#8243; _module_preset=&#8220;default&#8220; max_width=&#8220;1280px&#8220; locked=&#8220;off&#8220; global_colors_info=&#8220;{}&#8220;][et_pb_column type=&#8220;1_2&#8243; _builder_version=&#8220;4.18.0&#8243; _module_preset=&#8220;default&#8220; global_colors_info=&#8220;{}&#8220;][et_pb_text _builder_version=&#8220;4.18.0&#8243; _module_preset=&#8220;default&#8220; header_2_font=&#8220;|700|||||||&#8220; header_2_font_size=&#8220;42px&#8220; custom_margin=&#8220;|||0px|false|false&#8220; custom_padding=&#8220;|||0px|false|false&#8220; locked=&#8220;off&#8220; global_colors_info=&#8220;{}&#8220;]<\/p>\n<h2>Leidenschaft von Generation zu Generation<\/h2>\n<p>[\/et_pb_text][et_pb_text _builder_version=&#8220;4.18.0&#8243; _module_preset=&#8220;default&#8220; global_colors_info=&#8220;{}&#8220;]<\/p>\n<p>Der Generationswechsel war der nat\u00fcrliche Verlauf der Dinge, wie ein Baum, der seine Wurzeln in den Boden setzt und sich dann langsam, geduldig, aber mit Entschlossenheit Tag f\u00fcr Tag weiterentwickelt.<\/p>\n<p>Jede Generation sah die Fabrik als einen Ort, um zusammenzukommen und zu spielen, einen Ort, um zuerst zu experimentieren und dann den Beruf zu erlernen. Das Fortf\u00fchren der Familientradition ist ein Prozess, der uns beiden Br\u00fcdern (Andrea und Paolo) und vor uns unserem Vater Piero involvierte.<\/p>\n<p>[\/et_pb_text][\/et_pb_column][et_pb_column type=&#8220;1_2&#8243; _builder_version=&#8220;4.18.0&#8243; _module_preset=&#8220;default&#8220; global_colors_info=&#8220;{}&#8220;][et_pb_text _builder_version=&#8220;4.18.0&#8243; _module_preset=&#8220;default&#8220; text_font=&#8220;Gilda Display||||||||&#8220; text_text_color=&#8220;#4B4B4B&#8220; text_font_size=&#8220;35px&#8220; text_line_height=&#8220;1.2em&#8220; header_font=&#8220;Gilda Display||||||||&#8220; width=&#8220;60%&#8220; width_tablet=&#8220;60%&#8220; width_phone=&#8220;60%&#8220; width_last_edited=&#8220;on|phone&#8220; module_alignment=&#8220;left&#8220; locked=&#8220;off&#8220; global_colors_info=&#8220;{}&#8220;]<\/p>\n<h1><span style=\"font-size: 90px;\">\u201c<\/span><\/h1>\n<p>Ein Unternehmen, eine Geschichte, eine Familie.<\/p>\n<p>[\/et_pb_text][\/et_pb_column][\/et_pb_row][\/et_pb_section][et_pb_section fb_built=&#8220;1&#8243; _builder_version=&#8220;4.18.0&#8243; _module_preset=&#8220;default&#8220; global_colors_info=&#8220;{}&#8220;][et_pb_row module_class=&#8220;declar-center-row&#8220; _builder_version=&#8220;4.18.0&#8243; _module_preset=&#8220;default&#8220; max_width=&#8220;1280px&#8220; locked=&#8220;off&#8220; global_colors_info=&#8220;{}&#8220;][et_pb_column type=&#8220;4_4&#8243; _builder_version=&#8220;4.18.0&#8243; _module_preset=&#8220;default&#8220; global_colors_info=&#8220;{}&#8220;][et_pb_text _builder_version=&#8220;4.18.0&#8243; _module_preset=&#8220;default&#8220; header_2_font=&#8220;|700|||||||&#8220; header_2_font_size=&#8220;42px&#8220; custom_margin=&#8220;|||0px|false|false&#8220; custom_padding=&#8220;|||0px|false|false&#8220; locked=&#8220;off&#8220; global_colors_info=&#8220;{}&#8220;]<\/p>\n<h2>Unsere Errungenschaften<\/h2>\n<p>[\/et_pb_text][\/et_pb_column][\/et_pb_row][et_pb_row column_structure=&#8220;2_5,3_5&#8243; use_custom_gutter=&#8220;on&#8220; module_class=&#8220;declar-center-row&#8220; _builder_version=&#8220;4.18.0&#8243; _module_preset=&#8220;default&#8220; max_width=&#8220;1280px&#8220; locked=&#8220;off&#8220; global_colors_info=&#8220;{}&#8220;][et_pb_column type=&#8220;2_5&#8243; _builder_version=&#8220;4.18.0&#8243; _module_preset=&#8220;default&#8220; global_colors_info=&#8220;{}&#8220;][et_pb_image src=&#8220;http:\/\/saiscompensati.com\/wp-content\/uploads\/2022\/09\/andrea-sais-traguardi.png&#8220; title_text=&#8220;andrea-sais-traguardi&#8220; force_fullwidth=&#8220;on&#8220; _builder_version=&#8220;4.18.0&#8243; _module_preset=&#8220;default&#8220; custom_margin=&#8220;25px||||false|false&#8220; global_colors_info=&#8220;{}&#8220;][\/et_pb_image][\/et_pb_column][et_pb_column type=&#8220;3_5&#8243; _builder_version=&#8220;4.18.0&#8243; _module_preset=&#8220;default&#8220; global_colors_info=&#8220;{}&#8220;][et_pb_blurb image=&#8220;http:\/\/saiscompensati.com\/wp-content\/uploads\/2023\/01\/1974.jpg&#8220; icon_placement=&#8220;left&#8220; image_icon_width=&#8220;100px&#8220; content_max_width=&#8220;100%&#8220; _builder_version=&#8220;4.18.0&#8243; _module_preset=&#8220;default&#8220; body_line_height=&#8220;1.5em&#8220; image_icon_custom_margin=&#8220;|25px|||false|false&#8220; image_icon_custom_padding=&#8220;10px||||false|false&#8220; custom_margin=&#8220;||20px||false|false&#8220; custom_padding=&#8220;25px||||false|false&#8220; global_colors_info=&#8220;{}&#8220;]<\/p>\n<p><strong>SAIS Compensati wurde mit Hauptsitz in Gattinara geboren.<\/strong><br \/><span style=\"font-size: 13px;\">Handwerksproduktion von Sitzen und R\u00fcckenlehnen.<\/span><\/p>\n<p>[\/et_pb_blurb][et_pb_blurb image=&#8220;http:\/\/saiscompensati.com\/wp-content\/uploads\/2023\/01\/1995.jpg&#8220; icon_placement=&#8220;left&#8220; image_icon_width=&#8220;100px&#8220; content_max_width=&#8220;100%&#8220; _builder_version=&#8220;4.18.0&#8243; _module_preset=&#8220;default&#8220; body_line_height=&#8220;1.5em&#8220; image_icon_custom_margin=&#8220;|25px|||false|false&#8220; image_icon_custom_padding=&#8220;10px||||false|false&#8220; min_height=&#8220;8.8px&#8220; custom_margin=&#8220;||20px||false|false&#8220; custom_padding=&#8220;||||false|false&#8220; global_colors_info=&#8220;{}&#8220;]<\/p>\n<p><strong>Erste Fischer-Innenfurnierverleimung.<\/strong><br \/><span style=\"font-size:13px;\">Verbesserung der Innenfurnierlagen Qualit\u00e4t und Steigerung der Produktivit\u00e4t.<\/span><\/p>\n<p>[\/et_pb_blurb][et_pb_blurb image=&#8220;http:\/\/saiscompensati.com\/wp-content\/uploads\/2023\/01\/2005.jpg&#8220; icon_placement=&#8220;left&#8220; image_icon_width=&#8220;100px&#8220; content_max_width=&#8220;100%&#8220; _builder_version=&#8220;4.18.0&#8243; _module_preset=&#8220;default&#8220; body_line_height=&#8220;1.5em&#8220; image_icon_custom_margin=&#8220;|25px|||false|false&#8220; image_icon_custom_padding=&#8220;10px||||false|false&#8220; custom_margin=&#8220;||20px||false|false&#8220; custom_padding=&#8220;||||false|false&#8220; global_colors_info=&#8220;{}&#8220;]<\/p>\n<p><strong>Kauf eines automatischen Kessels zur Verwendung von Produktionsreste.<\/strong><br \/><span style=\"font-size: 13px;\">100%ige Unabh\u00e4ngigkeit in der Produktion von Dampf aus Gas und \u00d6l.<\/span><\/p>\n<p>[\/et_pb_blurb][et_pb_blurb image=&#8220;http:\/\/saiscompensati.com\/wp-content\/uploads\/2023\/01\/2015.jpg&#8220; icon_placement=&#8220;left&#8220; image_icon_width=&#8220;100px&#8220; content_max_width=&#8220;100%&#8220; _builder_version=&#8220;4.18.0&#8243; _module_preset=&#8220;default&#8220; body_line_height=&#8220;1.5em&#8220; image_icon_custom_margin=&#8220;|25px|||false|false&#8220; image_icon_custom_padding=&#8220;10px||||false|false&#8220; custom_margin=&#8220;||20px||false|false&#8220; custom_padding=&#8220;||||false|false&#8220; global_colors_info=&#8220;{}&#8220;]<\/p>\n<p><strong>Messerfurnier Leimf\u00fcgemachine.<\/strong><br \/><span style=\"font-size: 13px;\">100% leimgef\u00fcgte Messerfurniedecks.<\/span><\/p>\n<p>[\/et_pb_blurb][et_pb_blurb image=&#8220;http:\/\/saiscompensati.com\/wp-content\/uploads\/2023\/01\/2019.jpg&#8220; icon_placement=&#8220;left&#8220; image_icon_width=&#8220;100px&#8220; content_max_width=&#8220;100%&#8220; _builder_version=&#8220;4.18.0&#8243; _module_preset=&#8220;default&#8220; body_line_height=&#8220;1.5em&#8220; image_icon_custom_margin=&#8220;|25px|||false|false&#8220; image_icon_custom_padding=&#8220;10px||||false|false&#8220; custom_margin=&#8220;||20px||false|false&#8220; custom_padding=&#8220;||||false|false&#8220; global_colors_info=&#8220;{}&#8220;]<\/p>\n<p><strong>Zuschnitte Anlage.<\/strong><br \/><span style=\"font-size: 13px;\">Anfang der Zusammenarbeit mit Kunden der M\u00f6belindustrie, und Erweiterung unser Produktangebot.<\/span><\/p>\n<p>[\/et_pb_blurb][et_pb_blurb image=&#8220;http:\/\/saiscompensati.com\/wp-content\/uploads\/2023\/01\/2022.jpg&#8220; icon_placement=&#8220;left&#8220; image_icon_width=&#8220;100px&#8220; content_max_width=&#8220;100%&#8220; _builder_version=&#8220;4.18.0&#8243; _module_preset=&#8220;default&#8220; body_line_height=&#8220;1.5em&#8220; image_icon_custom_margin=&#8220;|25px|||false|false&#8220; image_icon_custom_padding=&#8220;10px||||false|false&#8220; custom_margin=&#8220;||40px||false|false&#8220; custom_padding=&#8220;||||false|false&#8220; global_colors_info=&#8220;{}&#8220;]<\/p>\n<p><strong>Oberfl\u00e4chenpr\u00e4gung Anlage.<\/strong><br \/><span style=\"font-size: 13px;\">Maschine, die uns erm\u00f6glichte, unser Produktsortiment zu erweitern.<\/span><\/p>\n<p>[\/et_pb_blurb][\/et_pb_column][\/et_pb_row][\/et_pb_section]<\/p>\n","protected":false},"excerpt":{"rendered":"<p>Eine Tradition, die von einer Generation zur n\u00e4chsten weitergegeben wurde. Die Gr\u00fcndung des Unternehmens\u201c Der Geruch von Holz treibt uns jeden Tag in unserer Arbeit anUnsere Firmengeschichte erz\u00e4hlt von Leidenschaft, Liebe, Tradition und Familie.Eine Geschichte, die vor vielen Jahren begann, im Jahr 1947, als unser Gro\u00dfvater Benedetto in einer Garage im Zentrum von Gattinara begann, [&hellip;]<\/p>\n","protected":false},"author":1,"featured_media":0,"parent":0,"menu_order":0,"comment_status":"closed","ping_status":"closed","template":"","meta":{"_et_pb_use_builder":"on","_et_pb_old_content":"","_et_gb_content_width":"","footnotes":""},"class_list":["post-7072","page","type-page","status-publish","hentry"],"_links":{"self":[{"href":"https:\/\/saiscompensati.com\/de\/wp-json\/wp\/v2\/pages\/7072","targetHints":{"allow":["GET"]}}],"collection":[{"href":"https:\/\/saiscompensati.com\/de\/wp-json\/wp\/v2\/pages"}],"about":[{"href":"https:\/\/saiscompensati.com\/de\/wp-json\/wp\/v2\/types\/page"}],"author":[{"embeddable":true,"href":"https:\/\/saiscompensati.com\/de\/wp-json\/wp\/v2\/users\/1"}],"replies":[{"embeddable":true,"href":"https:\/\/saiscompensati.com\/de\/wp-json\/wp\/v2\/comments?post=7072"}],"version-history":[{"count":23,"href":"https:\/\/saiscompensati.com\/de\/wp-json\/wp\/v2\/pages\/7072\/revisions"}],"predecessor-version":[{"id":7595,"href":"https:\/\/saiscompensati.com\/de\/wp-json\/wp\/v2\/pages\/7072\/revisions\/7595"}],"wp:attachment":[{"href":"https:\/\/saiscompensati.com\/de\/wp-json\/wp\/v2\/media?parent=7072"}],"curies":[{"name":"wp","href":"https:\/\/api.w.org\/{rel}","templated":true}]}}