{"id":7075,"date":"2022-09-15T14:22:11","date_gmt":"2022-09-15T14:22:11","guid":{"rendered":"http:\/\/saiscompensati.com\/holz\/"},"modified":"2023-05-05T14:42:39","modified_gmt":"2023-05-05T14:42:39","slug":"holz","status":"publish","type":"page","link":"https:\/\/saiscompensati.com\/de\/holz\/","title":{"rendered":"Holz"},"content":{"rendered":"<p>[et_pb_section fb_built=&#8220;1&#8243; _builder_version=&#8220;4.18.0&#8243; _module_preset=&#8220;default&#8220; custom_padding=&#8220;0px||0px||false|false&#8220; global_colors_info=&#8220;{}&#8220; da_is_popup=&#8220;off&#8220; da_exit_intent=&#8220;off&#8220; da_has_close=&#8220;on&#8220; da_alt_close=&#8220;off&#8220; da_dark_close=&#8220;off&#8220; da_not_modal=&#8220;on&#8220; da_is_singular=&#8220;off&#8220; da_with_loader=&#8220;off&#8220; da_has_shadow=&#8220;on&#8220; da_disable_devices=&#8220;off|off|off&#8220;][et_pb_row column_structure=&#8220;2_3,1_3&#8243; make_equal=&#8220;on&#8220; _builder_version=&#8220;4.18.0&#8243; _module_preset=&#8220;default&#8220; background_color=&#8220;#B2191D&#8220; width=&#8220;100%&#8220; max_width=&#8220;100%&#8220; custom_padding=&#8220;0px||0px||false|false&#8220; global_colors_info=&#8220;{}&#8220;][et_pb_column type=&#8220;2_3&#8243; _builder_version=&#8220;4.18.0&#8243; _module_preset=&#8220;default&#8220; custom_padding=&#8220;10%|8%|10%|8%|false|false&#8220; custom_padding_tablet=&#8220;10%|8%|10%|8%|false|false&#8220; custom_padding_phone=&#8220;15%||15%||false|false&#8220; custom_padding_last_edited=&#8220;on|phone&#8220; global_colors_info=&#8220;{}&#8220;][et_pb_text _builder_version=&#8220;4.18.0&#8243; _module_preset=&#8220;default&#8220; header_font=&#8220;|700|||||||&#8220; header_text_color=&#8220;#FFFFFF&#8220; header_font_size=&#8220;50px&#8220; header_line_height=&#8220;1.2em&#8220; custom_padding=&#8220;||||false|false&#8220; global_colors_info=&#8220;{}&#8220;]<\/p>\n<h1>Das Holz<\/h1>\n<p>[\/et_pb_text][et_pb_text _builder_version=&#8220;4.18.0&#8243; _module_preset=&#8220;default&#8220; text_text_color=&#8220;#FFFFFF&#8220; header_font=&#8220;|700|||||||&#8220; header_text_color=&#8220;#FFFFFF&#8220; header_font_size=&#8220;50px&#8220; header_line_height=&#8220;1.2em&#8220; global_colors_info=&#8220;{}&#8220;]<\/p>\n<p>Aufmerksamkeit, Leidenschaft und Liebe sind das Herzst\u00fcck unserer Arbeit.<br \/>Wir entwerfen und produzieren jeden Tag unser Sperrholz mit sorgf\u00e4ltiger Aufmerksamkeit, um das h\u00f6chstm\u00f6gliche Qualit\u00e4tsniveau zu erreichen.<\/p>\n<p>[\/et_pb_text][\/et_pb_column][et_pb_column type=&#8220;1_3&#8243; _builder_version=&#8220;4.18.0&#8243; _module_preset=&#8220;default&#8220; background_image=&#8220;http:\/\/saiscompensati.com\/wp-content\/uploads\/2022\/09\/DSCF8322.jpg&#8220; background_position=&#8220;top_center&#8220; global_colors_info=&#8220;{}&#8220;][et_pb_divider show_divider=&#8220;off&#8220; _builder_version=&#8220;4.18.0&#8243; _module_preset=&#8220;default&#8220; min_height=&#8220;350px&#8220; custom_padding=&#8220;||||false|false&#8220; global_colors_info=&#8220;{}&#8220;][\/et_pb_divider][\/et_pb_column][\/et_pb_row][\/et_pb_section][et_pb_section fb_built=&#8220;1&#8243; _builder_version=&#8220;4.18.0&#8243; _module_preset=&#8220;default&#8220; use_background_color_gradient=&#8220;on&#8220; background_color_gradient_direction=&#8220;90deg&#8220; background_color_gradient_stops=&#8220;#ffffff 50%|#f8f8f8 50%&#8220; background_last_edited=&#8220;on|phone&#8220; use_background_color_gradient_phone=&#8220;on&#8220; background_color_gradient_direction_phone=&#8220;180deg&#8220; background_color_gradient_stops_phone=&#8220;#ffffff 53%|#f8f8f8 53%&#8220; global_colors_info=&#8220;{}&#8220; da_is_popup=&#8220;off&#8220; da_exit_intent=&#8220;off&#8220; da_has_close=&#8220;on&#8220; da_alt_close=&#8220;off&#8220; da_dark_close=&#8220;off&#8220; da_not_modal=&#8220;on&#8220; da_is_singular=&#8220;off&#8220; da_with_loader=&#8220;off&#8220; da_has_shadow=&#8220;on&#8220; da_disable_devices=&#8220;off|off|off&#8220;][et_pb_row column_structure=&#8220;1_2,1_2&#8243; use_custom_gutter=&#8220;on&#8220; gutter_width=&#8220;4&#8243; make_equal=&#8220;on&#8220; module_class=&#8220;declar-center-row&#8220; _builder_version=&#8220;4.18.0&#8243; _module_preset=&#8220;default&#8220; global_colors_info=&#8220;{}&#8220;][et_pb_column type=&#8220;1_2&#8243; _builder_version=&#8220;4.18.0&#8243; _module_preset=&#8220;default&#8220; global_colors_info=&#8220;{}&#8220;][et_pb_text _builder_version=&#8220;4.18.0&#8243; _module_preset=&#8220;default&#8220; header_2_font=&#8220;|700|||||||&#8220; header_2_font_size=&#8220;42px&#8220; custom_margin=&#8220;|||0px|false|false&#8220; custom_padding=&#8220;|||0px|false|false&#8220; global_colors_info=&#8220;{}&#8220;]<\/p>\n<h2>Die Auswahl der Rohstoffe<\/h2>\n<p>[\/et_pb_text][et_pb_text _builder_version=&#8220;4.18.0&#8243; _module_preset=&#8220;default&#8220; custom_margin_tablet=&#8220;&#8220; custom_margin_phone=&#8220;||50px||false|false&#8220; custom_margin_last_edited=&#8220;on|phone&#8220; global_colors_info=&#8220;{}&#8220;]<\/p>\n<p>F\u00fcr unsere Produktion ist der erste, wesentliche Schritt die Auswahl des Lieferanten.<strong>Die Kommunikation mit den Menschen ist neben der Ber\u00fchrung des Produkts einer der fundamentalen Aspekte unserer Arbeit.<\/strong><\/p>\n<p>Wir w\u00e4hlen Lieferanten aus und treffen uns pers\u00f6nlich mit ihnen: Dies erm\u00f6glicht es uns, eine ausgezeichnete Rohmaterialauswahl zu treffen.<\/strong><\/p>\n<p>[\/et_pb_text][\/et_pb_column][et_pb_column type=&#8220;1_2&#8243; _builder_version=&#8220;4.18.0&#8243; _module_preset=&#8220;default&#8220; global_colors_info=&#8220;{}&#8220;][et_pb_text _builder_version=&#8220;4.18.0&#8243; _module_preset=&#8220;default&#8220; text_font=&#8220;Gilda Display||||||||&#8220; text_text_color=&#8220;#4B4B4B&#8220; text_font_size=&#8220;35px&#8220; text_line_height=&#8220;1.2em&#8220; header_font=&#8220;Gilda Display||||||||&#8220; custom_padding=&#8220;|||50px|false|false&#8220; global_colors_info=&#8220;{}&#8220;]<\/p>\n<h1><span style=\"font-size: 90px;\">\u201c<\/span><\/h1>\n<p>Die Geschichte der Lieferanten verbindet sich mit unserer, um ein qualitativ hochwertiges Produkt zu schaffen.<\/p>\n<p>[\/et_pb_text][\/et_pb_column][\/et_pb_row][\/et_pb_section][et_pb_section fb_built=&#8220;1&#8243; _builder_version=&#8220;4.18.0&#8243; _module_preset=&#8220;default&#8220; custom_padding=&#8220;10px||10px||false|false&#8220; global_colors_info=&#8220;{}&#8220; da_is_popup=&#8220;off&#8220; da_exit_intent=&#8220;off&#8220; da_has_close=&#8220;on&#8220; da_alt_close=&#8220;off&#8220; da_dark_close=&#8220;off&#8220; da_not_modal=&#8220;on&#8220; da_is_singular=&#8220;off&#8220; da_with_loader=&#8220;off&#8220; da_has_shadow=&#8220;on&#8220; da_disable_devices=&#8220;off|off|off&#8220;][et_pb_row column_structure=&#8220;1_2,1_2&#8243; use_custom_gutter=&#8220;on&#8220; gutter_width=&#8220;4&#8243; make_equal=&#8220;on&#8220; module_class=&#8220;declar-center-row&#8220; _builder_version=&#8220;4.18.0&#8243; _module_preset=&#8220;default&#8220; global_colors_info=&#8220;{}&#8220;][et_pb_column type=&#8220;1_2&#8243; _builder_version=&#8220;4.18.0&#8243; _module_preset=&#8220;default&#8220; global_colors_info=&#8220;{}&#8220;][et_pb_image src=&#8220;http:\/\/saiscompensati.com\/wp-content\/uploads\/2022\/09\/DSCF9133.jpg&#8220; title_text=&#8220;DSCF9133&#8243; disabled_on=&#8220;on|on|off&#8220; _builder_version=&#8220;4.18.0&#8243; _module_preset=&#8220;default&#8220; global_colors_info=&#8220;{}&#8220;][\/et_pb_image][\/et_pb_column][et_pb_column type=&#8220;1_2&#8243; _builder_version=&#8220;4.18.0&#8243; _module_preset=&#8220;default&#8220; global_colors_info=&#8220;{}&#8220;][et_pb_text _builder_version=&#8220;4.18.0&#8243; _module_preset=&#8220;default&#8220; hover_enabled=&#8220;0&#8243; global_colors_info=&#8220;{}&#8220; sticky_enabled=&#8220;0&#8243;]<\/p>\n<p>Wir reisen seit 22 Jahren Weltweit, um die besten Materialien zu finden.<br \/>Es ist f\u00fcr uns notwendig geworden, an Orte zu reisen und die Menschen kennenzulernen, die uns das Material liefern, um die technischen und qualitativen Aspekte zu garantieren.<\/p>\n<p>Der Kontakt mit dem Produkt, mit der Natur und den Menschen hat es uns erm\u00f6glicht, kommerzielle Beziehungen aufzubauen, die heute noch ein einzigartiges und qualitativ hochwertiges Produkt garantieren.<\/p>\n<p>Wir kontrollieren pers\u00f6nlich vor Ort jede Quadratmeter der Rohmaterialien um festzustellen, da\u00df die Qualit\u00e4t  unsere Vorgabe entspricht.<\/p>\n<p>[\/et_pb_text][et_pb_image src=&#8220;http:\/\/saiscompensati.com\/wp-content\/uploads\/2022\/09\/DSCF9133.jpg&#8220; title_text=&#8220;DSCF9133&#8243; disabled_on=&#8220;off|off|on&#8220; _builder_version=&#8220;4.18.0&#8243; _module_preset=&#8220;default&#8220; locked=&#8220;off&#8220; global_colors_info=&#8220;{}&#8220;][\/et_pb_image][\/et_pb_column][\/et_pb_row][et_pb_row column_structure=&#8220;1_2,1_2&#8243; use_custom_gutter=&#8220;on&#8220; gutter_width=&#8220;4&#8243; make_equal=&#8220;on&#8220; module_class=&#8220;declar-center-row&#8220; _builder_version=&#8220;4.18.0&#8243; _module_preset=&#8220;default&#8220; global_colors_info=&#8220;{}&#8220;][et_pb_column type=&#8220;1_2&#8243; _builder_version=&#8220;4.18.0&#8243; _module_preset=&#8220;default&#8220; global_colors_info=&#8220;{}&#8220;][et_pb_text _builder_version=&#8220;4.18.0&#8243; _module_preset=&#8220;default&#8220; global_colors_info=&#8220;{}&#8220;]<\/p>\n<p>Technische Eigenschaften, Produktionsprozesse und Feuchtigkeit stellen das Herzst\u00fcck der Holzqualit\u00e4t dar. Wir k\u00f6nnen jedoch bereits beim ersten Blick seine wahre Seele sp\u00fcren.<\/p>\n<p><strong>D Wir definieren die Qualit\u00e4tsstandards der Maserung und die Auswahl der St\u00e4mme wird von uns Vegis-Br\u00fcdern durchgef\u00fchrt.<\/strong><\/p>\n<p><strong>Kompetenz ist der zentrale Teil, um das maximale Qualit\u00e4tsniveau zu gew\u00e4hrleisten.<\/strong> <br \/> Aus diesem Grund haben wir in unserem Unternehmen Fachleute ausgebildet, die das Material bearbeiten, und die mit unserer Unterst\u00fctzung die Qualit\u00e4t jedes Stammes gem\u00e4\u00df den Anforderungen jedes Kunden definieren und w\u00e4hlen. Dies erm\u00f6glicht es uns, hochgradig angepasste Produkte zu schaffen.<\/p>\n<p>[\/et_pb_text][\/et_pb_column][et_pb_column type=&#8220;1_2&#8243; _builder_version=&#8220;4.18.0&#8243; _module_preset=&#8220;default&#8220; global_colors_info=&#8220;{}&#8220;][et_pb_image src=&#8220;http:\/\/saiscompensati.com\/wp-content\/uploads\/2022\/09\/DSCF9553.jpg&#8220; title_text=&#8220;DSCF9553&#8243; _builder_version=&#8220;4.18.0&#8243; _module_preset=&#8220;default&#8220; global_colors_info=&#8220;{}&#8220;][\/et_pb_image][\/et_pb_column][\/et_pb_row][\/et_pb_section][et_pb_section fb_built=&#8220;1&#8243; _builder_version=&#8220;4.18.0&#8243; _module_preset=&#8220;default&#8220; background_color=&#8220;#F8F8F8&#8243; background_enable_image=&#8220;off&#8220; custom_padding=&#8220;20px||40px||false|false&#8220; global_colors_info=&#8220;{}&#8220; da_is_popup=&#8220;off&#8220; da_exit_intent=&#8220;off&#8220; da_has_close=&#8220;on&#8220; da_alt_close=&#8220;off&#8220; da_dark_close=&#8220;off&#8220; da_not_modal=&#8220;on&#8220; da_is_singular=&#8220;off&#8220; da_with_loader=&#8220;off&#8220; da_has_shadow=&#8220;on&#8220; da_disable_devices=&#8220;off|off|off&#8220;][et_pb_row _builder_version=&#8220;4.18.0&#8243; _module_preset=&#8220;default&#8220; global_colors_info=&#8220;{}&#8220;][et_pb_column type=&#8220;4_4&#8243; _builder_version=&#8220;4.18.0&#8243; _module_preset=&#8220;default&#8220; global_colors_info=&#8220;{}&#8220;][et_pb_text content_tablet=&#8220;<\/p>\n<h2>Holzarten<\/h2>\n<p>&#8220; content_phone=&#8220;<\/p>\n<h2 style=%22text-align: center;%22>Holzarten<\/h2>\n<p>&#8220; content_last_edited=&#8220;on|phone&#8220; _builder_version=&#8220;4.18.0&#8243; _module_preset=&#8220;default&#8220; header_2_font=&#8220;|700|||||||&#8220; header_2_font_size=&#8220;42px&#8220; custom_margin=&#8220;|||0px|false|false&#8220; custom_padding=&#8220;|||0px|false|false&#8220; locked=&#8220;off&#8220; global_colors_info=&#8220;{}&#8220;]<\/p>\n<h2>Holzarten<\/h2>\n<p>[\/et_pb_text][\/et_pb_column][\/et_pb_row][et_pb_row column_structure=&#8220;1_2,1_2&#8243; use_custom_gutter=&#8220;on&#8220; gutter_width=&#8220;4&#8243; make_equal=&#8220;on&#8220; disabled_on=&#8220;on|on|off&#8220; module_class=&#8220;declar-center-row&#8220; _builder_version=&#8220;4.18.0&#8243; _module_preset=&#8220;default&#8220; global_colors_info=&#8220;{}&#8220;][et_pb_column type=&#8220;1_2&#8243; _builder_version=&#8220;4.18.0&#8243; _module_preset=&#8220;default&#8220; global_colors_info=&#8220;{}&#8220;][et_pb_blurb title=&#8220;Edelfurniert&#8220; image=&#8220;http:\/\/saiscompensati.com\/wp-content\/uploads\/2022\/09\/icona-legno.png&#8220; icon_placement=&#8220;left&#8220; image_icon_width=&#8220;40px&#8220; content_max_width=&#8220;100%&#8220; _builder_version=&#8220;4.18.0&#8243; _module_preset=&#8220;default&#8220; header_level=&#8220;h5&#8243; header_font=&#8220;|700|||||||&#8220; image_icon_custom_margin=&#8220;|20px|||false|false&#8220; image_icon_custom_padding=&#8220;||||false|false&#8220; custom_margin=&#8220;||||false|false&#8220; custom_padding=&#8220;|10px|||false|false&#8220; global_colors_info=&#8220;{}&#8220;]<\/p>\n<p>F\u00fcr Standardprodukte.<\/p>\n<p>[\/et_pb_blurb][et_pb_blurb title=&#8220;Gesch\u00e4lt&#8220; image=&#8220;http:\/\/saiscompensati.com\/wp-content\/uploads\/2022\/09\/icona-legno.png&#8220; icon_placement=&#8220;left&#8220; image_icon_width=&#8220;40px&#8220; content_max_width=&#8220;100%&#8220; _builder_version=&#8220;4.18.0&#8243; _module_preset=&#8220;default&#8220; header_level=&#8220;h5&#8243; header_font=&#8220;|700|||||||&#8220; image_icon_custom_margin=&#8220;|20px|||false|false&#8220; image_icon_custom_padding=&#8220;||||false|false&#8220; global_colors_info=&#8220;{}&#8220;]<\/p>\n<p>Erm\u00f6glicht uns die Erstellung eines einzigartigen und ma\u00dfgeschneiderten Produkts durch eine Mischung aus verschiedenen H\u00f6lzern.<\/p>\n<p>[\/et_pb_blurb][et_pb_blurb title=&#8220;Verbundelemente                                                                        &#8220; image=&#8220;http:\/\/saiscompensati.com\/wp-content\/uploads\/2022\/09\/icona-legno.png&#8220; icon_placement=&#8220;left&#8220; image_icon_width=&#8220;40px&#8220; content_max_width=&#8220;100%&#8220; _builder_version=&#8220;4.18.0&#8243; _module_preset=&#8220;default&#8220; header_level=&#8220;h5&#8243; header_font=&#8220;|700|||||||&#8220; image_icon_custom_margin=&#8220;|20px|||false|false&#8220; image_icon_custom_padding=&#8220;||||false|false&#8220; global_colors_info=&#8220;{}&#8220;]<\/p>\n<p>Hergestellt durch die Kombination verschiedener Materialien wie Holz und Aluminium oder Schaum.<\/p>\n<p>[\/et_pb_blurb][\/et_pb_column][et_pb_column type=&#8220;1_2&#8243; _builder_version=&#8220;4.18.0&#8243; _module_preset=&#8220;default&#8220; custom_padding=&#8220;|||60px|false|false&#8220; border_width_left=&#8220;1px&#8220; border_color_left=&#8220;#B2191D&#8220; global_colors_info=&#8220;{}&#8220;][et_pb_text _builder_version=&#8220;4.18.0&#8243; _module_preset=&#8220;default&#8220; locked=&#8220;off&#8220; global_colors_info=&#8220;{}&#8220;]<\/p>\n<h5><strong>Personalisierung<\/strong><\/h5>\n<p>[\/et_pb_text][et_pb_text _builder_version=&#8220;4.18.0&#8243; _module_preset=&#8220;default&#8220; locked=&#8220;off&#8220; global_colors_info=&#8220;{}&#8220;]<\/p>\n<p>Unsere mit Sorgfalt und Aufmerksamkeit ausgew\u00e4hlten H\u00f6lzer sind unterschiedlicher Art und haben hundert verschiedene Besonderheiten. Im Laufe der Zeit und mit unterschiedlicher Herkunft haben diese H\u00f6lzer jedoch einen genau definierten Ausgangspunkt hervorgebracht, <strong>von dem aus dann die Personalisierung f\u00fcr jeden Kunden beginnt.<\/strong>.<\/p>\n<p>[\/et_pb_text][et_pb_button button_url=&#8220;@ET-DC@eyJkeW5hbWljIjp0cnVlLCJjb250ZW50IjoicG9zdF9saW5rX3VybF9wYWdlIiwic2V0dGluZ3MiOnsicG9zdF9pZCI6IjIzMCJ9fQ==@&#8220; button_text=&#8220;Mehr entdecken&#8220; _builder_version=&#8220;4.18.0&#8243; _dynamic_attributes=&#8220;button_url&#8220; _module_preset=&#8220;default&#8220; custom_button=&#8220;on&#8220; button_text_size=&#8220;16px&#8220; button_text_color=&#8220;#B2191D&#8220; button_bg_color=&#8220;RGBA(255,255,255,0)&#8220; button_border_width=&#8220;1px&#8220; button_border_color=&#8220;#B2191D&#8220; button_border_radius=&#8220;0px&#8220; button_letter_spacing=&#8220;1px&#8220; button_font=&#8220;|700||on|||||&#8220; button_icon=&#8220;&#xf061;||fa||900&#8243; button_icon_color=&#8220;#B2191D&#8220; global_colors_info=&#8220;{}&#8220; button_bg_color__hover_enabled=&#8220;on|hover&#8220; button_bg_color__hover=&#8220;RGBA(255,255,255,0)&#8220; button_bg_enable_color__hover=&#8220;on&#8220;][\/et_pb_button][\/et_pb_column][\/et_pb_row][et_pb_row use_custom_gutter=&#8220;on&#8220; gutter_width=&#8220;4&#8243; make_equal=&#8220;on&#8220; disabled_on=&#8220;off|off|on&#8220; module_class=&#8220;declar-center-row&#8220; _builder_version=&#8220;4.18.0&#8243; _module_preset=&#8220;default&#8220; global_colors_info=&#8220;{}&#8220;][et_pb_column type=&#8220;4_4&#8243; _builder_version=&#8220;4.18.0&#8243; _module_preset=&#8220;default&#8220; global_colors_info=&#8220;{}&#8220;][et_pb_blurb title=&#8220;Edelfurniert&#8220; image=&#8220;http:\/\/saiscompensati.com\/wp-content\/uploads\/2022\/09\/icona-legno.png&#8220; icon_placement=&#8220;left&#8220; image_icon_width=&#8220;40px&#8220; content_max_width=&#8220;100%&#8220; _builder_version=&#8220;4.18.0&#8243; _module_preset=&#8220;default&#8220; header_level=&#8220;h5&#8243; header_font=&#8220;|700|||||||&#8220; image_icon_custom_margin=&#8220;|20px|||false|false&#8220; image_icon_custom_padding=&#8220;||||false|false&#8220; custom_margin=&#8220;||||false|false&#8220; custom_padding=&#8220;|10px|||false|false&#8220; global_colors_info=&#8220;{}&#8220;]<\/p>\n<p>F\u00fcr Standardprodukte.<\/p>\n<p>[\/et_pb_blurb][et_pb_blurb title=&#8220;Gesch\u00e4lt&#8220; image=&#8220;http:\/\/saiscompensati.com\/wp-content\/uploads\/2022\/09\/icona-legno.png&#8220; icon_placement=&#8220;left&#8220; image_icon_width=&#8220;40px&#8220; content_max_width=&#8220;100%&#8220; _builder_version=&#8220;4.18.0&#8243; _module_preset=&#8220;default&#8220; header_level=&#8220;h5&#8243; header_font=&#8220;|700|||||||&#8220; image_icon_custom_margin=&#8220;|20px|||false|false&#8220; image_icon_custom_padding=&#8220;||||false|false&#8220; global_colors_info=&#8220;{}&#8220;]<\/p>\n<p>Erm\u00f6glicht uns die Erstellung eines einzigartigen und ma\u00dfgeschneiderten Produkts durch eine Mischung aus verschiedenen H\u00f6lzern.<\/p>\n<p>[\/et_pb_blurb][et_pb_blurb title=&#8220;Verbundelemente                                                                        &#8220; image=&#8220;http:\/\/saiscompensati.com\/wp-content\/uploads\/2022\/09\/icona-legno.png&#8220; icon_placement=&#8220;left&#8220; image_icon_width=&#8220;40px&#8220; content_max_width=&#8220;100%&#8220; _builder_version=&#8220;4.18.0&#8243; _module_preset=&#8220;default&#8220; header_level=&#8220;h5&#8243; header_font=&#8220;|700|||||||&#8220; image_icon_custom_margin=&#8220;|20px|||false|false&#8220; image_icon_custom_padding=&#8220;||||false|false&#8220; global_colors_info=&#8220;{}&#8220;]<\/p>\n<p>Hergestellt durch die Kombination verschiedener Materialien wie Holz und Aluminium oder Schaum.<\/p>\n<p>[\/et_pb_blurb][et_pb_text _builder_version=&#8220;4.18.0&#8243; _module_preset=&#8220;default&#8220; custom_margin=&#8220;40px||||false|false&#8220; custom_padding=&#8220;30px||||false|false&#8220; border_width_top=&#8220;1px&#8220; border_color_top=&#8220;#B2191D&#8220; locked=&#8220;off&#8220; global_colors_info=&#8220;{}&#8220;]<\/p>\n<h5><strong>Personalisierung<\/strong><\/h5>\n<p>[\/et_pb_text][et_pb_text _builder_version=&#8220;4.18.0&#8243; _module_preset=&#8220;default&#8220; locked=&#8220;off&#8220; global_colors_info=&#8220;{}&#8220;]<\/p>\n<p>Unsere mit Sorgfalt und Aufmerksamkeit ausgew\u00e4hlten H\u00f6lzer sind unterschiedlicher Art und haben hundert verschiedene Besonderheiten. Im Laufe der Zeit und mit unterschiedlicher Herkunft haben diese H\u00f6lzer jedoch einen genau definierten Ausgangspunkt hervorgebracht, <strong>von dem aus dann die Personalisierung f\u00fcr jeden Kunden beginnt.<\/strong>.<\/p>\n<p>[\/et_pb_text][et_pb_button button_url=&#8220;@ET-DC@eyJkeW5hbWljIjp0cnVlLCJjb250ZW50IjoicG9zdF9saW5rX3VybF9wYWdlIiwic2V0dGluZ3MiOnsicG9zdF9pZCI6IjIzMCJ9fQ==@&#8220; button_text=&#8220;Mehr entdecken&#8220; _builder_version=&#8220;4.18.0&#8243; _dynamic_attributes=&#8220;button_url&#8220; _module_preset=&#8220;default&#8220; custom_button=&#8220;on&#8220; button_text_size=&#8220;16px&#8220; button_text_color=&#8220;#B2191D&#8220; button_bg_color=&#8220;RGBA(255,255,255,0)&#8220; button_border_width=&#8220;1px&#8220; button_border_color=&#8220;#B2191D&#8220; button_border_radius=&#8220;0px&#8220; button_letter_spacing=&#8220;1px&#8220; button_font=&#8220;|700||on|||||&#8220; button_icon=&#8220;&#xf061;||fa||900&#8243; button_icon_color=&#8220;#B2191D&#8220; global_colors_info=&#8220;{}&#8220; button_bg_color__hover_enabled=&#8220;on|hover&#8220; button_bg_color__hover=&#8220;RGBA(255,255,255,0)&#8220; button_bg_enable_color__hover=&#8220;on&#8220;][\/et_pb_button][\/et_pb_column][\/et_pb_row][\/et_pb_section][et_pb_section fb_built=&#8220;1&#8243; _builder_version=&#8220;4.18.0&#8243; _module_preset=&#8220;default&#8220; background_color=&#8220;rgba(75,75,75,0.4)&#8220; background_image=&#8220;http:\/\/saiscompensati.com\/wp-content\/uploads\/2022\/09\/DSCF9919.jpg&#8220; background_blend=&#8220;multiply&#8220; global_colors_info=&#8220;{}&#8220; da_is_popup=&#8220;off&#8220; da_exit_intent=&#8220;off&#8220; da_has_close=&#8220;on&#8220; da_alt_close=&#8220;off&#8220; da_dark_close=&#8220;off&#8220; da_not_modal=&#8220;on&#8220; da_is_singular=&#8220;off&#8220; da_with_loader=&#8220;off&#8220; da_has_shadow=&#8220;on&#8220; da_disable_devices=&#8220;off|off|off&#8220;][et_pb_row _builder_version=&#8220;4.18.0&#8243; _module_preset=&#8220;default&#8220; global_colors_info=&#8220;{}&#8220;][et_pb_column type=&#8220;4_4&#8243; _builder_version=&#8220;4.18.0&#8243; _module_preset=&#8220;default&#8220; global_colors_info=&#8220;{}&#8220;][et_pb_text _builder_version=&#8220;4.18.0&#8243; _module_preset=&#8220;default&#8220; header_2_font=&#8220;|700|||||||&#8220; header_2_text_color=&#8220;#FFFFFF&#8220; header_2_font_size=&#8220;42px&#8220; custom_margin=&#8220;|||0px|false|false&#8220; custom_padding=&#8220;|||0px|false|false&#8220; locked=&#8220;off&#8220; global_colors_info=&#8220;{}&#8220;]<\/p>\n<h2 style=\"text-align: center;\">Vom Rohstoff bis zum fertigen Produkt<\/h2>\n<p>[\/et_pb_text][et_pb_text _builder_version=&#8220;4.18.0&#8243; _module_preset=&#8220;default&#8220; text_text_color=&#8220;#FFFFFF&#8220; header_font=&#8220;|700|||||||&#8220; header_text_color=&#8220;#FFFFFF&#8220; header_font_size=&#8220;50px&#8220; header_line_height=&#8220;1.2em&#8220; width=&#8220;30%&#8220; width_tablet=&#8220;30%&#8220; width_phone=&#8220;100%&#8220; width_last_edited=&#8220;on|phone&#8220; module_alignment=&#8220;center&#8220; custom_margin=&#8220;||50px||false|false&#8220; locked=&#8220;off&#8220; global_colors_info=&#8220;{}&#8220;]<\/p>\n<p style=\"text-align: center;\">Erfahren Sie, wie wir es schaffen, hohe Qualit\u00e4tsstandards in Funktionalit\u00e4t und \u00c4sthetik zu gew\u00e4hrleisten.<\/p>\n<p>[\/et_pb_text][et_pb_button button_url=&#8220;http:\/\/saiscompensati.com\/de\/qualitaet-und-innovation\/&#8220; button_text=&#8220;Mehr entdecken&#8220; button_alignment=&#8220;center&#8220; _builder_version=&#8220;4.18.0&#8243; _module_preset=&#8220;default&#8220; custom_button=&#8220;on&#8220; button_text_size=&#8220;16px&#8220; button_text_color=&#8220;#FFFFFF&#8220; button_bg_color=&#8220;RGBA(255,255,255,0)&#8220; button_border_width=&#8220;1px&#8220; button_border_color=&#8220;#FFFFFF&#8220; button_border_radius=&#8220;0px&#8220; button_letter_spacing=&#8220;1px&#8220; button_font=&#8220;|700||on|||||&#8220; button_icon=&#8220;&#xf061;||fa||900&#8243; button_icon_color=&#8220;#FFFFFF&#8220; hover_enabled=&#8220;0&#8243; locked=&#8220;off&#8220; global_colors_info=&#8220;{}&#8220; button_bg_color__hover_enabled=&#8220;on|hover&#8220; button_bg_color__hover=&#8220;RGBA(255,255,255,0)&#8220; button_bg_enable_color__hover=&#8220;on&#8220; sticky_enabled=&#8220;0&#8243;][\/et_pb_button][\/et_pb_column][\/et_pb_row][\/et_pb_section]<\/p>\n","protected":false},"excerpt":{"rendered":"<p>Das HolzAufmerksamkeit, Leidenschaft und Liebe sind das Herzst\u00fcck unserer Arbeit.Wir entwerfen und produzieren jeden Tag unser Sperrholz mit sorgf\u00e4ltiger Aufmerksamkeit, um das h\u00f6chstm\u00f6gliche Qualit\u00e4tsniveau zu erreichen.Die Auswahl der RohstoffeF\u00fcr unsere Produktion ist der erste, wesentliche Schritt die Auswahl des Lieferanten.Die Kommunikation mit den Menschen ist neben der Ber\u00fchrung des Produkts einer der fundamentalen Aspekte unserer [&hellip;]<\/p>\n","protected":false},"author":1,"featured_media":0,"parent":0,"menu_order":0,"comment_status":"closed","ping_status":"closed","template":"","meta":{"_et_pb_use_builder":"on","_et_pb_old_content":"","_et_gb_content_width":"","footnotes":""},"class_list":["post-7075","page","type-page","status-publish","hentry"],"_links":{"self":[{"href":"https:\/\/saiscompensati.com\/de\/wp-json\/wp\/v2\/pages\/7075","targetHints":{"allow":["GET"]}}],"collection":[{"href":"https:\/\/saiscompensati.com\/de\/wp-json\/wp\/v2\/pages"}],"about":[{"href":"https:\/\/saiscompensati.com\/de\/wp-json\/wp\/v2\/types\/page"}],"author":[{"embeddable":true,"href":"https:\/\/saiscompensati.com\/de\/wp-json\/wp\/v2\/users\/1"}],"replies":[{"embeddable":true,"href":"https:\/\/saiscompensati.com\/de\/wp-json\/wp\/v2\/comments?post=7075"}],"version-history":[{"count":7,"href":"https:\/\/saiscompensati.com\/de\/wp-json\/wp\/v2\/pages\/7075\/revisions"}],"predecessor-version":[{"id":7719,"href":"https:\/\/saiscompensati.com\/de\/wp-json\/wp\/v2\/pages\/7075\/revisions\/7719"}],"wp:attachment":[{"href":"https:\/\/saiscompensati.com\/de\/wp-json\/wp\/v2\/media?parent=7075"}],"curies":[{"name":"wp","href":"https:\/\/api.w.org\/{rel}","templated":true}]}}