{"id":7081,"date":"2022-09-15T14:55:20","date_gmt":"2022-09-15T14:55:20","guid":{"rendered":"http:\/\/saiscompensati.com\/benutzerdefiniertes-panel-design\/"},"modified":"2023-03-27T14:21:00","modified_gmt":"2023-03-27T14:21:00","slug":"benutzerdefiniertes-panel-design","status":"publish","type":"page","link":"https:\/\/saiscompensati.com\/de\/benutzerdefiniertes-panel-design\/","title":{"rendered":"Ma\u00dfgeschneidertes Sperrholz Entwurfn"},"content":{"rendered":"<p>[et_pb_section fb_built=&#8220;1&#8243; _builder_version=&#8220;4.18.0&#8243; _module_preset=&#8220;default&#8220; custom_padding=&#8220;0px||0px||false|false&#8220; global_colors_info=&#8220;{}&#8220;][et_pb_row column_structure=&#8220;2_3,1_3&#8243; make_equal=&#8220;on&#8220; _builder_version=&#8220;4.18.0&#8243; _module_preset=&#8220;default&#8220; background_color=&#8220;#B2191D&#8220; width=&#8220;100%&#8220; max_width=&#8220;100%&#8220; custom_padding=&#8220;0px||0px||false|false&#8220; global_colors_info=&#8220;{}&#8220;][et_pb_column type=&#8220;2_3&#8243; _builder_version=&#8220;4.18.0&#8243; _module_preset=&#8220;default&#8220; custom_padding=&#8220;10%|8%|10%|8%|false|false&#8220; custom_padding_tablet=&#8220;10%|8%|10%|8%|false|false&#8220; custom_padding_phone=&#8220;15%||15%||false|false&#8220; custom_padding_last_edited=&#8220;on|phone&#8220; global_colors_info=&#8220;{}&#8220;][et_pb_text _builder_version=&#8220;4.18.0&#8243; _module_preset=&#8220;default&#8220; header_font=&#8220;|700|||||||&#8220; header_text_color=&#8220;#FFFFFF&#8220; header_font_size=&#8220;50px&#8220; header_line_height=&#8220;1.2em&#8220; global_colors_info=&#8220;{}&#8220;]<\/p>\n<h1>Ma\u00dfgeschneidertes Sperrholz Entwurfn<\/h1>\n<p>[\/et_pb_text][\/et_pb_column][et_pb_column type=&#8220;1_3&#8243; _builder_version=&#8220;4.18.0&#8243; _module_preset=&#8220;default&#8220; background_image=&#8220;http:\/\/saiscompensati.com\/wp-content\/uploads\/2022\/09\/DSCF0263.jpg&#8220; background_position=&#8220;top_right&#8220; global_colors_info=&#8220;{}&#8220;][et_pb_divider show_divider=&#8220;off&#8220; _builder_version=&#8220;4.18.0&#8243; _module_preset=&#8220;default&#8220; min_height=&#8220;350px&#8220; custom_padding=&#8220;||||false|false&#8220; global_colors_info=&#8220;{}&#8220;][\/et_pb_divider][\/et_pb_column][\/et_pb_row][\/et_pb_section][et_pb_section fb_built=&#8220;1&#8243; _builder_version=&#8220;4.18.0&#8243; _module_preset=&#8220;default&#8220; background_last_edited=&#8220;off|desktop&#8220; use_background_color_gradient_phone=&#8220;on&#8220; background_color_gradient_direction_phone=&#8220;180deg&#8220; background_color_gradient_stops_phone=&#8220;#ffffff 53%|#f8f8f8 53%&#8220; global_colors_info=&#8220;{}&#8220;][et_pb_row column_structure=&#8220;2_5,3_5&#8243; use_custom_gutter=&#8220;on&#8220; gutter_width=&#8220;4&#8243; make_equal=&#8220;on&#8220; module_class=&#8220;declar-center-row&#8220; _builder_version=&#8220;4.18.0&#8243; _module_preset=&#8220;default&#8220; global_colors_info=&#8220;{}&#8220;][et_pb_column type=&#8220;2_5&#8243; _builder_version=&#8220;4.18.0&#8243; _module_preset=&#8220;default&#8220; background_image=&#8220;http:\/\/saiscompensati.com\/wp-content\/uploads\/2022\/09\/DSCF0287.jpg&#8220; background_last_edited=&#8220;on|tablet&#8220; background_enable_image_tablet=&#8220;off&#8220; background_enable_image_phone=&#8220;off&#8220; global_colors_info=&#8220;{}&#8220;][\/et_pb_column][et_pb_column type=&#8220;3_5&#8243; _builder_version=&#8220;4.18.0&#8243; _module_preset=&#8220;default&#8220; global_colors_info=&#8220;{}&#8220;][et_pb_text _builder_version=&#8220;4.18.0&#8243; _module_preset=&#8220;default&#8220; header_2_font=&#8220;|700|||||||&#8220; header_2_font_size=&#8220;42px&#8220; custom_margin=&#8220;|||0px|false|false&#8220; custom_padding=&#8220;|||0px|false|false&#8220; global_colors_info=&#8220;{}&#8220;]<\/p>\n<h2>Aufmerksamkeit f\u00fcr ein h\u00f6chst individuelles Produkt<\/h2>\n<p>[\/et_pb_text][et_pb_text _builder_version=&#8220;4.18.0&#8243; _module_preset=&#8220;default&#8220; custom_margin_tablet=&#8220;&#8220; custom_margin_phone=&#8220;||50px||false|false&#8220; custom_margin_last_edited=&#8220;on|phone&#8220; global_colors_info=&#8220;{}&#8220;]<\/p>\n<p>Jedes Projekt, jeder Kunde und jeder Branche, mit dem wir arbeiten, erfordert die Aufmerksamkeit und Sorgfalt, die nur ein ma\u00dfgeschneiderter Prozess garantieren kann.<\/p>\n<p>Wir treffen uns und sprechen mit den K\u00e4ufern unserer Sperrholzplatten, um ihre W\u00fcnsche, zu verstehen. Anschlie\u00dfend entwickeln wir gemeinsam mit ihnen, entsprechend unserem Produktwissen, das ma\u00dfgeschneidertes Produkt.<\/p>\n<p>[\/et_pb_text][et_pb_image src=&#8220;http:\/\/saiscompensati.com\/wp-content\/uploads\/2022\/09\/DSCF0287.jpg&#8220; title_text=&#8220;DSCF0287&#8243; disabled_on=&#8220;off|off|on&#8220; _builder_version=&#8220;4.18.0&#8243; _module_preset=&#8220;default&#8220; global_colors_info=&#8220;{}&#8220;][\/et_pb_image][\/et_pb_column][\/et_pb_row][et_pb_row column_structure=&#8220;1_2,1_4,1_4&#8243; _builder_version=&#8220;4.18.0&#8243; _module_preset=&#8220;default&#8220; global_colors_info=&#8220;{}&#8220;][et_pb_column type=&#8220;1_2&#8243; _builder_version=&#8220;4.18.0&#8243; _module_preset=&#8220;default&#8220; global_colors_info=&#8220;{}&#8220;][et_pb_text _builder_version=&#8220;4.18.0&#8243; _module_preset=&#8220;default&#8220; global_colors_info=&#8220;{}&#8220;]<\/p>\n<p>Das Design eines unserer Produkte wird daher gem\u00e4\u00df den spezifischen Anforderungen des Kunden und der Anzahl der Schichten und Abmessungen des Sperrholzes erstellt und ergibt ein vollst\u00e4ndig individualisiertes Endprodukt.<\/p>\n<p><strong>Bei SAIS Compensati sind wir in der Lage, jeden Bedarf aufgrund unserer Erfahrung und F\u00e4higkeit zur Schaffung und Gestaltung von Produkten, die untereinander stark differenziert sind, zu erf\u00fcllen.<\/strong><\/p>\n<p>[\/et_pb_text][et_pb_button button_text=&#8220;Mehr entdecken&#8220; _builder_version=&#8220;4.18.0&#8243; _module_preset=&#8220;default&#8220; custom_button=&#8220;on&#8220; button_text_size=&#8220;16px&#8220; button_text_color=&#8220;#B2191D&#8220; button_bg_color=&#8220;RGBA(255,255,255,0)&#8220; button_border_width=&#8220;1px&#8220; button_border_color=&#8220;#B2191D&#8220; button_border_radius=&#8220;0px&#8220; button_letter_spacing=&#8220;1px&#8220; button_font=&#8220;|700||on|||||&#8220; button_icon=&#8220;&#xf061;||fa||900&#8243; button_icon_color=&#8220;#B2191D&#8220; hover_enabled=&#8220;0&#8243; locked=&#8220;off&#8220; global_colors_info=&#8220;{}&#8220; button_bg_color__hover_enabled=&#8220;on|hover&#8220; button_bg_color__hover=&#8220;RGBA(255,255,255,0)&#8220; button_bg_enable_color__hover=&#8220;on&#8220; sticky_enabled=&#8220;0&#8243; button_url=&#8220;http:\/\/saiscompensati.com\/i-prodotti-sais\/&#8220;][\/et_pb_button][\/et_pb_column][et_pb_column type=&#8220;1_4&#8243; _builder_version=&#8220;4.18.0&#8243; _module_preset=&#8220;default&#8220; global_colors_info=&#8220;{}&#8220;][et_pb_image src=&#8220;http:\/\/saiscompensati.com\/wp-content\/uploads\/2022\/09\/DSCF0299.jpg&#8220; title_text=&#8220;DSCF0299&#8243; align=&#8220;right&#8220; align_tablet=&#8220;right&#8220; align_phone=&#8220;center&#8220; align_last_edited=&#8220;on|phone&#8220; _builder_version=&#8220;4.18.0&#8243; _module_preset=&#8220;default&#8220; global_colors_info=&#8220;{}&#8220;][\/et_pb_image][\/et_pb_column][et_pb_column type=&#8220;1_4&#8243; _builder_version=&#8220;4.18.0&#8243; _module_preset=&#8220;default&#8220; global_colors_info=&#8220;{}&#8220;][et_pb_image src=&#8220;http:\/\/saiscompensati.com\/wp-content\/uploads\/2022\/09\/DSCF0292.jpg&#8220; title_text=&#8220;DSCF0292&#8243; align_tablet=&#8220;&#8220; align_phone=&#8220;center&#8220; align_last_edited=&#8220;on|phone&#8220; _builder_version=&#8220;4.18.0&#8243; _module_preset=&#8220;default&#8220; global_colors_info=&#8220;{}&#8220;][\/et_pb_image][\/et_pb_column][\/et_pb_row][\/et_pb_section]<\/p>\n","protected":false},"excerpt":{"rendered":"<p>Ma\u00dfgeschneidertes Sperrholz EntwurfnAufmerksamkeit f\u00fcr ein h\u00f6chst individuelles ProduktJedes Projekt, jeder Kunde und jeder Branche, mit dem wir arbeiten, erfordert die Aufmerksamkeit und Sorgfalt, die nur ein ma\u00dfgeschneiderter Prozess garantieren kann. Wir treffen uns und sprechen mit den K\u00e4ufern unserer Sperrholzplatten, um ihre W\u00fcnsche, zu verstehen. Anschlie\u00dfend entwickeln wir gemeinsam mit ihnen, entsprechend unserem Produktwissen, das [&hellip;]<\/p>\n","protected":false},"author":1,"featured_media":0,"parent":0,"menu_order":0,"comment_status":"closed","ping_status":"closed","template":"","meta":{"_et_pb_use_builder":"on","_et_pb_old_content":"","_et_gb_content_width":"","footnotes":""},"class_list":["post-7081","page","type-page","status-publish","hentry"],"_links":{"self":[{"href":"https:\/\/saiscompensati.com\/de\/wp-json\/wp\/v2\/pages\/7081","targetHints":{"allow":["GET"]}}],"collection":[{"href":"https:\/\/saiscompensati.com\/de\/wp-json\/wp\/v2\/pages"}],"about":[{"href":"https:\/\/saiscompensati.com\/de\/wp-json\/wp\/v2\/types\/page"}],"author":[{"embeddable":true,"href":"https:\/\/saiscompensati.com\/de\/wp-json\/wp\/v2\/users\/1"}],"replies":[{"embeddable":true,"href":"https:\/\/saiscompensati.com\/de\/wp-json\/wp\/v2\/comments?post=7081"}],"version-history":[{"count":5,"href":"https:\/\/saiscompensati.com\/de\/wp-json\/wp\/v2\/pages\/7081\/revisions"}],"predecessor-version":[{"id":7101,"href":"https:\/\/saiscompensati.com\/de\/wp-json\/wp\/v2\/pages\/7081\/revisions\/7101"}],"wp:attachment":[{"href":"https:\/\/saiscompensati.com\/de\/wp-json\/wp\/v2\/media?parent=7081"}],"curies":[{"name":"wp","href":"https:\/\/api.w.org\/{rel}","templated":true}]}}