{"id":7107,"date":"2022-09-19T10:20:14","date_gmt":"2022-09-19T10:20:14","guid":{"rendered":"http:\/\/saiscompensati.com\/schiffsbau\/"},"modified":"2023-03-27T14:45:41","modified_gmt":"2023-03-27T14:45:41","slug":"schiffsbau","status":"publish","type":"page","link":"https:\/\/saiscompensati.com\/de\/schiffsbau\/","title":{"rendered":"Schiffsbau"},"content":{"rendered":"<p>[et_pb_section fb_built=&#8220;1&#8243; _builder_version=&#8220;4.18.0&#8243; _module_preset=&#8220;default&#8220; background_color=&#8220;#B2191D&#8220; custom_padding=&#8220;0px||0px||false|false&#8220; locked=&#8220;off&#8220; global_colors_info=&#8220;{}&#8220;][et_pb_row column_structure=&#8220;3_4,1_4&#8243; use_custom_gutter=&#8220;on&#8220; gutter_width=&#8220;1&#8243; make_equal=&#8220;on&#8220; module_class=&#8220;declar-center-row&#8220; _builder_version=&#8220;4.18.0&#8243; _module_preset=&#8220;default&#8220; background_enable_color=&#8220;off&#8220; width=&#8220;100%&#8220; max_width=&#8220;100%&#8220; custom_padding=&#8220;0px||0px||false|false&#8220; hover_enabled=&#8220;0&#8243; global_colors_info=&#8220;{}&#8220; sticky_enabled=&#8220;0&#8243;][et_pb_column type=&#8220;3_4&#8243; _builder_version=&#8220;4.18.0&#8243; _module_preset=&#8220;default&#8220; background_color=&#8220;rgba(75,75,75,0.41)&#8220; background_image=&#8220;http:\/\/saiscompensati.com\/wp-content\/uploads\/2022\/10\/Cover_barca.jpg&#8220; background_blend=&#8220;multiply&#8220; custom_padding=&#8220;5%|8%|10%|8%|false|false&#8220; hover_enabled=&#8220;0&#8243; global_colors_info=&#8220;{}&#8220; sticky_enabled=&#8220;0&#8243;][et_pb_text _builder_version=&#8220;4.18.0&#8243; _module_preset=&#8220;default&#8220; text_text_color=&#8220;#FFFFFF&#8220; text_letter_spacing=&#8220;1px&#8220; header_4_text_color=&#8220;#FFFFFF&#8220; custom_padding=&#8220;40px||||false|false&#8220; global_colors_info=&#8220;{}&#8220;]<\/p>\n<h4>PRODUKT<\/h4>\n<p>[\/et_pb_text][et_pb_text _builder_version=&#8220;4.18.0&#8243; _module_preset=&#8220;default&#8220; text_text_color=&#8220;#FFFFFF&#8220; text_font_size=&#8220;20px&#8220; text_letter_spacing=&#8220;1px&#8220; header_font=&#8220;|700|||||||&#8220; header_text_color=&#8220;#FFFFFF&#8220; custom_margin=&#8220;||||false|false&#8220; custom_padding=&#8220;0px|40px|||false|false&#8220; global_colors_info=&#8220;{}&#8220;]<\/p>\n<h1> Schiffsbau<\/h1>\n<p>[\/et_pb_text][\/et_pb_column][et_pb_column type=&#8220;1_4&#8243; _builder_version=&#8220;4.18.0&#8243; _module_preset=&#8220;default&#8220; background_enable_color=&#8220;off&#8220; background_enable_image=&#8220;off&#8220; background_position=&#8220;top_center&#8220; custom_padding=&#8220;||0px||false|false&#8220; global_colors_info=&#8220;{}&#8220;][et_pb_text _builder_version=&#8220;4.18.0&#8243; _module_preset=&#8220;default&#8220; text_text_color=&#8220;#FFFFFF&#8220; link_text_color=&#8220;#FFFFFF&#8220; custom_padding=&#8220;40px|40px|40px|40px|false|false&#8220; global_colors_info=&#8220;{}&#8220; link_text_color__hover_enabled=&#8220;on|hover&#8220; link_text_color__hover=&#8220;#4B4B4B&#8220;]<\/p>\n<p>Andere Produkte:<\/p>\n<p><a href=\"http:\/\/saiscompensati.com\/de\/moebelindustrie\/\"><strong> M\u00d6BELINDUSTRIE<\/strong><\/a><\/p>\n<p><a href=\"\/Holz Haust\u00fcren\/\"><strong>HOLZ HAUST\u00dcREN<\/strong><\/a><\/p>\n<p><a href=\"http:\/\/saiscompensati.com\/de\/saunabau\/\"><strong>SAUNABAU<\/strong><\/a><\/p>\n<p>[\/et_pb_text][\/et_pb_column][\/et_pb_row][\/et_pb_section][et_pb_section fb_built=&#8220;1&#8243; _builder_version=&#8220;4.18.0&#8243; _module_preset=&#8220;default&#8220; background_color=&#8220;#FFFFFF&#8220; global_colors_info=&#8220;{}&#8220;][et_pb_row column_structure=&#8220;1_3,1_3,1_3&#8243; _builder_version=&#8220;4.18.0&#8243; _module_preset=&#8220;default&#8220; custom_padding=&#8220;||||false|false&#8220; global_colors_info=&#8220;{}&#8220;][et_pb_column type=&#8220;1_3&#8243; _builder_version=&#8220;4.18.0&#8243; _module_preset=&#8220;default&#8220; global_colors_info=&#8220;{}&#8220;][et_pb_image src=&#8220;http:\/\/saiscompensati.com\/wp-content\/uploads\/2022\/09\/Gruppo-di-maschere-3-1.jpg&#8220; title_text=&#8220;Gruppo di maschere 3&#8243; url=&#8220;http:\/\/saiscompensati.com\/cantieri_navali\/multyboat\/&#8220; _builder_version=&#8220;4.18.0&#8243; _module_preset=&#8220;default&#8220; global_colors_info=&#8220;{}&#8220;][\/et_pb_image][et_pb_text _builder_version=&#8220;4.18.0&#8243; _module_preset=&#8220;default&#8220; text_line_height=&#8220;1.5em&#8220; link_text_color=&#8220;#1C1C1C&#8220; max_width=&#8220;100%&#8220; global_colors_info=&#8220;{}&#8220; link_text_color__hover=&#8220;#B2191D&#8220; link_text_color__hover_enabled=&#8220;on|hover&#8220; text_text_color__hover=&#8220;#B2191D&#8220; text_text_color__hover_enabled=&#8220;on|hover&#8220;]<\/p>\n<hr width=\"100px\" align=\"left\" size=\"2px\" color=\"#b2191d\" \/>\n<p><a href=\"http:\/\/saiscompensati.com\/de\/cantieri_navali\/multyboat\/\"><b>MULTYBOAT<\/b><\/a><\/p>\n<p><a href=\"http:\/\/saiscompensati.com\/de\/cantieri_navali\/multyboat\/\">Multiplexplatten<\/a><\/p>\n<p>[\/et_pb_text][\/et_pb_column][et_pb_column type=&#8220;1_3&#8243; _builder_version=&#8220;4.18.0&#8243; _module_preset=&#8220;default&#8220; global_colors_info=&#8220;{}&#8220;][et_pb_image src=&#8220;http:\/\/saiscompensati.com\/wp-content\/uploads\/2022\/09\/Gruppo-di-maschere-4.jpg&#8220; title_text=&#8220;Gruppo di maschere 4&#8243; url=&#8220;http:\/\/saiscompensati.com\/cantieri_navali\/plexply\/&#8220; _builder_version=&#8220;4.18.0&#8243; _module_preset=&#8220;default&#8220; global_colors_info=&#8220;{}&#8220;][\/et_pb_image][et_pb_text _builder_version=&#8220;4.18.0&#8243; _module_preset=&#8220;default&#8220; text_line_height=&#8220;1.5em&#8220; link_text_color=&#8220;#1C1C1C&#8220; max_width=&#8220;100%&#8220; global_colors_info=&#8220;{}&#8220; link_text_color__hover=&#8220;#B2191D&#8220; link_text_color__hover_enabled=&#8220;on|hover&#8220; text_text_color__hover=&#8220;#B2191D&#8220; text_text_color__hover_enabled=&#8220;on|hover&#8220;]<\/p>\n<hr width=\"100px\" align=\"left\" size=\"2px\" color=\"#b2191d\" \/>\n<p><a href=\"http:\/\/saiscompensati.com\/de\/cantieri_navali\/plexply\/\"><strong><b>PLEXPLY<\/b><\/strong><\/a><\/p>\n<p><a href=\"http:\/\/saiscompensati.com\/de\/cantieri_navali\/plexply\/\">Biegesperrholz<\/a><\/p>\n<p>[\/et_pb_text][\/et_pb_column][et_pb_column type=&#8220;1_3&#8243; _builder_version=&#8220;4.18.0&#8243; _module_preset=&#8220;default&#8220; global_colors_info=&#8220;{}&#8220;][et_pb_image src=&#8220;http:\/\/saiscompensati.com\/wp-content\/uploads\/2022\/09\/Gruppo-di-maschere-5.jpg&#8220; title_text=&#8220;Gruppo di maschere 5&#8243; url=&#8220;http:\/\/saiscompensati.com\/cantieri_navali\/lamfloor\/&#8220; _builder_version=&#8220;4.18.0&#8243; _module_preset=&#8220;default&#8220; global_colors_info=&#8220;{}&#8220;][\/et_pb_image][et_pb_text _builder_version=&#8220;4.18.0&#8243; _module_preset=&#8220;default&#8220; text_line_height=&#8220;1.5em&#8220; link_text_color=&#8220;#1C1C1C&#8220; max_width=&#8220;100%&#8220; global_colors_info=&#8220;{}&#8220; link_text_color__hover=&#8220;#B2191D&#8220; link_text_color__hover_enabled=&#8220;on|hover&#8220; text_text_color__hover=&#8220;#B2191D&#8220; text_text_color__hover_enabled=&#8220;on|hover&#8220;]<\/p>\n<hr width=\"100px\" align=\"left\" size=\"2px\" color=\"#b2191d\" \/>\n<p><a href=\"http:\/\/saiscompensati.com\/de\/cantieri_navali\/lamfloor\/\"><b>LAMFLOOR<\/b><\/a><\/p>\n<p><a href=\"http:\/\/saiscompensati.com\/de\/cantieri_navali\/lamfloor\/\">HPL-beeschichtete platten<\/a><\/p>\n<p>[\/et_pb_text][\/et_pb_column][\/et_pb_row][et_pb_row column_structure=&#8220;1_3,1_3,1_3&#8243; _builder_version=&#8220;4.18.0&#8243; _module_preset=&#8220;default&#8220; custom_padding=&#8220;||||false|false&#8220; global_colors_info=&#8220;{}&#8220;][et_pb_column type=&#8220;1_3&#8243; _builder_version=&#8220;4.18.0&#8243; _module_preset=&#8220;default&#8220; global_colors_info=&#8220;{}&#8220;][et_pb_image src=&#8220;http:\/\/saiscompensati.com\/wp-content\/uploads\/2022\/09\/Gruppo-di-maschere-6.jpg&#8220; title_text=&#8220;Gruppo di maschere 6&#8243; url=&#8220;http:\/\/saiscompensati.com\/cantieri_navali\/soundplex\/&#8220; _builder_version=&#8220;4.18.0&#8243; _module_preset=&#8220;default&#8220; global_colors_info=&#8220;{}&#8220;][\/et_pb_image][et_pb_text _builder_version=&#8220;4.18.0&#8243; _module_preset=&#8220;default&#8220; text_line_height=&#8220;1.5em&#8220; link_text_color=&#8220;#1C1C1C&#8220; max_width=&#8220;100%&#8220; global_colors_info=&#8220;{}&#8220; link_text_color__hover=&#8220;#B2191D&#8220; link_text_color__hover_enabled=&#8220;on|hover&#8220; text_text_color__hover=&#8220;#B2191D&#8220; text_text_color__hover_enabled=&#8220;on|hover&#8220;]<\/p>\n<hr width=\"100px\" align=\"left\" size=\"2px\" color=\"#b2191d\" \/>\n<p><a href=\"http:\/\/saiscompensati.com\/de\/cantieri_navali\/soundplex\/\"><b>SOUNDPLEX<\/b><\/a><\/p>\n<p><a href=\"http:\/\/saiscompensati.com\/de\/cantieri_navali\/soundplex\/\">Schalld\u00e4mpfende platten<\/a><\/p>\n<p>[\/et_pb_text][\/et_pb_column][et_pb_column type=&#8220;1_3&#8243; _builder_version=&#8220;4.18.0&#8243; _module_preset=&#8220;default&#8220; global_colors_info=&#8220;{}&#8220;][et_pb_image src=&#8220;http:\/\/saiscompensati.com\/wp-content\/uploads\/2022\/09\/Gruppo-di-maschere-7.jpg&#8220; title_text=&#8220;Gruppo di maschere 7&#8243; url=&#8220;http:\/\/saiscompensati.com\/cantieri_navali\/vply\/&#8220; _builder_version=&#8220;4.18.0&#8243; _module_preset=&#8220;default&#8220; global_colors_info=&#8220;{}&#8220;][\/et_pb_image][et_pb_text _builder_version=&#8220;4.18.0&#8243; _module_preset=&#8220;default&#8220; text_line_height=&#8220;1.5em&#8220; link_text_color=&#8220;#1C1C1C&#8220; max_width=&#8220;100%&#8220; global_colors_info=&#8220;{}&#8220; link_text_color__hover=&#8220;#B2191D&#8220; link_text_color__hover_enabled=&#8220;on|hover&#8220; text_text_color__hover=&#8220;#B2191D&#8220; text_text_color__hover_enabled=&#8220;on|hover&#8220;]<\/p>\n<hr width=\"100px\" align=\"left\" size=\"2px\" color=\"#b2191d\" \/>\n<p><a href=\"http:\/\/saiscompensati.com\/de\/cantieri_navali\/vply\/\"><b>VPLY<\/b><\/a><\/p>\n<p><a href=\"http:\/\/saiscompensati.com\/de\/cantieri_navali\/vply\/\">Genutete platten<\/a><\/p>\n<p>[\/et_pb_text][\/et_pb_column][et_pb_column type=&#8220;1_3&#8243; _builder_version=&#8220;4.18.0&#8243; _module_preset=&#8220;default&#8220; global_colors_info=&#8220;{}&#8220;][et_pb_image src=&#8220;http:\/\/saiscompensati.com\/wp-content\/uploads\/2022\/09\/Gruppo-di-maschere-8.jpg&#8220; title_text=&#8220;Gruppo di maschere 8&#8243; url=&#8220;http:\/\/saiscompensati.com\/cantieri_navali\/striply\/&#8220; _builder_version=&#8220;4.18.0&#8243; _module_preset=&#8220;default&#8220; global_colors_info=&#8220;{}&#8220;][\/et_pb_image][et_pb_text _builder_version=&#8220;4.18.0&#8243; _module_preset=&#8220;default&#8220; text_line_height=&#8220;1.5em&#8220; link_text_color=&#8220;#1C1C1C&#8220; max_width=&#8220;100%&#8220; global_colors_info=&#8220;{}&#8220; link_text_color__hover=&#8220;#B2191D&#8220; link_text_color__hover_enabled=&#8220;on|hover&#8220; text_text_color__hover=&#8220;#B2191D&#8220; text_text_color__hover_enabled=&#8220;on|hover&#8220;]<\/p>\n<hr width=\"100px\" align=\"left\" size=\"2px\" color=\"#b2191d\" \/>\n<p><a href=\"http:\/\/saiscompensati.com\/de\/cantieri_navali\/striply\/\"><b>STRIPLY<\/b><\/a><\/p>\n<p><a href=\"http:\/\/saiscompensati.com\/de\/cantieri_navali\/striply\/\">Fussbodenplatten mit holzstreifen<\/a><\/p>\n<p>[\/et_pb_text][\/et_pb_column][\/et_pb_row][et_pb_row column_structure=&#8220;1_3,1_3,1_3&#8243; _builder_version=&#8220;4.18.0&#8243; _module_preset=&#8220;default&#8220; custom_padding=&#8220;||||false|false&#8220; global_colors_info=&#8220;{}&#8220;][et_pb_column type=&#8220;1_3&#8243; _builder_version=&#8220;4.18.0&#8243; _module_preset=&#8220;default&#8220; global_colors_info=&#8220;{}&#8220;][et_pb_image src=&#8220;http:\/\/saiscompensati.com\/wp-content\/uploads\/2022\/09\/Gruppo-di-maschere-9.jpg&#8220; title_text=&#8220;Gruppo di maschere 9&#8243; url=&#8220;http:\/\/saiscompensati.com\/cantieri_navali\/rubberplex\/&#8220; _builder_version=&#8220;4.18.0&#8243; _module_preset=&#8220;default&#8220; global_colors_info=&#8220;{}&#8220;][\/et_pb_image][et_pb_text _builder_version=&#8220;4.18.0&#8243; _module_preset=&#8220;default&#8220; text_line_height=&#8220;1.5em&#8220; link_text_color=&#8220;#1C1C1C&#8220; max_width=&#8220;100%&#8220; global_colors_info=&#8220;{}&#8220; link_text_color__hover=&#8220;#B2191D&#8220; link_text_color__hover_enabled=&#8220;on|hover&#8220; text_text_color__hover=&#8220;#B2191D&#8220; text_text_color__hover_enabled=&#8220;on|hover&#8220;]<\/p>\n<hr width=\"100px\" align=\"left\" size=\"2px\" color=\"#b2191d\" \/>\n<p><a href=\"http:\/\/saiscompensati.com\/de\/cantieri_navali\/rubberplex\/\"><b>RUBBERPLEX<\/b><\/a><\/p>\n<p><a href=\"http:\/\/saiscompensati.com\/de\/cantieri_navali\/rubberplex\/\">Fussbodenplatten mit gummistreifen<\/a><\/p>\n<p>[\/et_pb_text][\/et_pb_column][et_pb_column type=&#8220;1_3&#8243; _builder_version=&#8220;4.18.0&#8243; _module_preset=&#8220;default&#8220; global_colors_info=&#8220;{}&#8220;][\/et_pb_column][et_pb_column type=&#8220;1_3&#8243; _builder_version=&#8220;4.18.0&#8243; _module_preset=&#8220;default&#8220; global_colors_info=&#8220;{}&#8220;][\/et_pb_column][\/et_pb_row][\/et_pb_section]<\/p>\n","protected":false},"excerpt":{"rendered":"<p>PRODUKT SchiffsbauAndere Produkte: M\u00d6BELINDUSTRIE HOLZ HAUST\u00dcREN SAUNABAU MULTYBOAT Multiplexplatten PLEXPLY Biegesperrholz LAMFLOOR HPL-beeschichtete platten SOUNDPLEX Schalld\u00e4mpfende platten VPLY Genutete platten STRIPLY Fussbodenplatten mit holzstreifen RUBBERPLEX Fussbodenplatten mit gummistreifen<\/p>\n","protected":false},"author":1,"featured_media":0,"parent":0,"menu_order":0,"comment_status":"closed","ping_status":"closed","template":"","meta":{"_et_pb_use_builder":"on","_et_pb_old_content":"","_et_gb_content_width":"","footnotes":""},"class_list":["post-7107","page","type-page","status-publish","hentry"],"_links":{"self":[{"href":"https:\/\/saiscompensati.com\/de\/wp-json\/wp\/v2\/pages\/7107","targetHints":{"allow":["GET"]}}],"collection":[{"href":"https:\/\/saiscompensati.com\/de\/wp-json\/wp\/v2\/pages"}],"about":[{"href":"https:\/\/saiscompensati.com\/de\/wp-json\/wp\/v2\/types\/page"}],"author":[{"embeddable":true,"href":"https:\/\/saiscompensati.com\/de\/wp-json\/wp\/v2\/users\/1"}],"replies":[{"embeddable":true,"href":"https:\/\/saiscompensati.com\/de\/wp-json\/wp\/v2\/comments?post=7107"}],"version-history":[{"count":5,"href":"https:\/\/saiscompensati.com\/de\/wp-json\/wp\/v2\/pages\/7107\/revisions"}],"predecessor-version":[{"id":7115,"href":"https:\/\/saiscompensati.com\/de\/wp-json\/wp\/v2\/pages\/7107\/revisions\/7115"}],"wp:attachment":[{"href":"https:\/\/saiscompensati.com\/de\/wp-json\/wp\/v2\/media?parent=7107"}],"curies":[{"name":"wp","href":"https:\/\/api.w.org\/{rel}","templated":true}]}}