{"id":7119,"date":"2022-09-21T08:20:35","date_gmt":"2022-09-21T08:20:35","guid":{"rendered":"http:\/\/saiscompensati.com\/sais-produkte\/aussenbereich\/"},"modified":"2023-04-12T09:35:45","modified_gmt":"2023-04-12T09:35:45","slug":"aussenbereich","status":"publish","type":"page","link":"https:\/\/saiscompensati.com\/de\/sais-produkte\/aussenbereich\/","title":{"rendered":"Holz Haust\u00fcren"},"content":{"rendered":"<p>[et_pb_section fb_built=&#8220;1&#8243; _builder_version=&#8220;4.18.0&#8243; _module_preset=&#8220;default&#8220; background_color=&#8220;#B2191D&#8220; custom_padding=&#8220;0px||0px||false|false&#8220; locked=&#8220;off&#8220; global_colors_info=&#8220;{}&#8220;][et_pb_row column_structure=&#8220;3_4,1_4&#8243; use_custom_gutter=&#8220;on&#8220; gutter_width=&#8220;1&#8243; make_equal=&#8220;on&#8220; module_class=&#8220;declar-center-row&#8220; _builder_version=&#8220;4.18.0&#8243; _module_preset=&#8220;default&#8220; background_enable_color=&#8220;off&#8220; width=&#8220;100%&#8220; max_width=&#8220;100%&#8220; custom_padding=&#8220;0px||0px||false|false&#8220; global_colors_info=&#8220;{}&#8220;][et_pb_column type=&#8220;3_4&#8243; _builder_version=&#8220;4.18.0&#8243; _module_preset=&#8220;default&#8220; background_color=&#8220;rgba(75,75,75,0.39)&#8220; background_image=&#8220;http:\/\/saiscompensati.com\/wp-content\/uploads\/2022\/10\/Cover_porte.jpg&#8220; background_blend=&#8220;multiply&#8220; custom_padding=&#8220;5%|8%|10%|8%|false|false&#8220; global_colors_info=&#8220;{}&#8220;][et_pb_text _builder_version=&#8220;4.18.0&#8243; _module_preset=&#8220;default&#8220; text_text_color=&#8220;#FFFFFF&#8220; text_letter_spacing=&#8220;1px&#8220; header_4_text_color=&#8220;#FFFFFF&#8220; custom_padding=&#8220;40px||||false|false&#8220; global_colors_info=&#8220;{}&#8220;]<\/p>\n<h4>PRODUKTE<\/h4>\n<p>[\/et_pb_text][et_pb_text _builder_version=&#8220;4.18.0&#8243; _module_preset=&#8220;default&#8220; text_text_color=&#8220;#FFFFFF&#8220; text_font_size=&#8220;20px&#8220; text_letter_spacing=&#8220;1px&#8220; header_font=&#8220;|700|||||||&#8220; header_text_color=&#8220;#FFFFFF&#8220; custom_margin=&#8220;||||false|false&#8220; custom_padding=&#8220;0px|40px|||false|false&#8220; global_colors_info=&#8220;{}&#8220;]<\/p>\n<h1>Holz Haust\u00fcren<\/h1>\n<p>[\/et_pb_text][\/et_pb_column][et_pb_column type=&#8220;1_4&#8243; _builder_version=&#8220;4.18.0&#8243; _module_preset=&#8220;default&#8220; background_enable_color=&#8220;off&#8220; background_enable_image=&#8220;off&#8220; background_position=&#8220;top_center&#8220; custom_padding=&#8220;||0px||false|false&#8220; global_colors_info=&#8220;{}&#8220;][et_pb_text _builder_version=&#8220;4.18.0&#8243; _module_preset=&#8220;default&#8220; text_text_color=&#8220;#FFFFFF&#8220; link_text_color=&#8220;#FFFFFF&#8220; custom_padding=&#8220;40px|40px|40px|40px|false|false&#8220; global_colors_info=&#8220;{}&#8220; link_text_color__hover_enabled=&#8220;on|hover&#8220; link_text_color__hover=&#8220;#4B4B4B&#8220;]<\/p>\n<p>Altri prodotti:<\/p>\n<p><a href=\"http:\/\/saiscompensati.com\/de\/schiffsbau\/\"><strong>SCHIFFSBAU<\/strong><\/a><\/p>\n<p><a href=\"http:\/\/saiscompensati.com\/de\/moebelindustrie\/\"><strong>M\u00d6BELINDUSTRIE<\/strong><\/a><\/p>\n<p><a href=\"http:\/\/saiscompensati.com\/de\/saunabau\/\"><strong>SAUNABAU<\/strong><\/a><\/p>\n<p>[\/et_pb_text][\/et_pb_column][\/et_pb_row][\/et_pb_section][et_pb_section fb_built=&#8220;1&#8243; _builder_version=&#8220;4.18.0&#8243; _module_preset=&#8220;default&#8220; background_color=&#8220;#FFFFFF&#8220; global_colors_info=&#8220;{}&#8220;][et_pb_row column_structure=&#8220;1_3,1_3,1_3&#8243; _builder_version=&#8220;4.18.0&#8243; _module_preset=&#8220;default&#8220; custom_padding=&#8220;||||false|false&#8220; global_colors_info=&#8220;{}&#8220;][et_pb_column type=&#8220;1_3&#8243; _builder_version=&#8220;4.18.0&#8243; _module_preset=&#8220;default&#8220; global_colors_info=&#8220;{}&#8220;][et_pb_image src=&#8220;http:\/\/saiscompensati.com\/wp-content\/uploads\/2022\/09\/pannelli-sandwich-doppio-effetto.jpg&#8220; title_text=&#8220;pannelli-sandwich-doppio-effetto&#8220; url=&#8220;http:\/\/saiscompensati.com\/de\/porte_per_esterni\/silentium\/&#8220; _builder_version=&#8220;4.18.0&#8243; _module_preset=&#8220;default&#8220; global_colors_info=&#8220;{}&#8220;][\/et_pb_image][et_pb_text _builder_version=&#8220;4.18.0&#8243; _module_preset=&#8220;default&#8220; text_line_height=&#8220;1.5em&#8220; link_text_color=&#8220;#1C1C1C&#8220; max_width=&#8220;100%&#8220; hover_enabled=&#8220;0&#8243; global_colors_info=&#8220;{}&#8220; link_text_color__hover=&#8220;#B2191D&#8220; link_text_color__hover_enabled=&#8220;on|hover&#8220; link_option_url=&#8220;@ET-DC@eyJkeW5hbWljIjp0cnVlLCJjb250ZW50IjoicG9zdF9saW5rX3VybF9wb3J0ZV9wZXJfZXN0ZXJuaSIsInNldHRpbmdzIjp7InBvc3RfaWQiOiI2NjA0In19@&#8220; _dynamic_attributes=&#8220;link_option_url&#8220; sticky_enabled=&#8220;0&#8243;]<\/p>\n<hr width=\"100px\" align=\"left\" size=\"2px\" color=\"#b2191d\" \/>\n<p><b>SILENTIUM<\/b><\/p>\n<p>Sandwich &#8211; Platten mit doppel Funktion\n<\/p>\n<p>[\/et_pb_text][\/et_pb_column][et_pb_column type=&#8220;1_3&#8243; _builder_version=&#8220;4.18.0&#8243; _module_preset=&#8220;default&#8220; global_colors_info=&#8220;{}&#8220;][et_pb_image src=&#8220;http:\/\/saiscompensati.com\/wp-content\/uploads\/2022\/09\/pannelli-sandwich.jpg&#8220; title_text=&#8220;pannelli-sandwich&#8220; url=&#8220;http:\/\/saiscompensati.com\/de\/porte_per_esterni\/climaboard\/&#8220; _builder_version=&#8220;4.18.0&#8243; _module_preset=&#8220;default&#8220; global_colors_info=&#8220;{}&#8220;][\/et_pb_image][et_pb_text _builder_version=&#8220;4.18.0&#8243; _module_preset=&#8220;default&#8220; text_line_height=&#8220;1.5em&#8220; link_text_color=&#8220;#1C1C1C&#8220; max_width=&#8220;100%&#8220; hover_enabled=&#8220;0&#8243; global_colors_info=&#8220;{}&#8220; link_text_color__hover=&#8220;#B2191D&#8220; link_text_color__hover_enabled=&#8220;on|hover&#8220; sticky_enabled=&#8220;0&#8243; link_option_url=&#8220;@ET-DC@eyJkeW5hbWljIjp0cnVlLCJjb250ZW50IjoicG9zdF9saW5rX3VybF9wb3J0ZV9wZXJfZXN0ZXJuaSIsInNldHRpbmdzIjp7InBvc3RfaWQiOiI2NjA1In19@&#8220; _dynamic_attributes=&#8220;link_option_url&#8220;]<\/p>\n<hr width=\"100px\" align=\"left\" size=\"2px\" color=\"#b2191d\" \/>\n<p><b>CLIMABOARD<\/b><\/p>\n<p>Sandwich &#8211; Platten<\/p>\n<p>[\/et_pb_text][\/et_pb_column][et_pb_column type=&#8220;1_3&#8243; _builder_version=&#8220;4.18.0&#8243; _module_preset=&#8220;default&#8220; global_colors_info=&#8220;{}&#8220;][et_pb_image src=&#8220;http:\/\/saiscompensati.com\/wp-content\/uploads\/2022\/09\/compensato-fresato.jpg&#8220; title_text=&#8220;compensato-fresato&#8220; url=&#8220;@ET-DC@eyJkeW5hbWljIjp0cnVlLCJjb250ZW50IjoicG9zdF9saW5rX3VybF9wb3J0ZV9wZXJfZXN0ZXJuaSIsInNldHRpbmdzIjp7InBvc3RfaWQiOiI2NjA4In19@&#8220; _builder_version=&#8220;4.18.0&#8243; _module_preset=&#8220;default&#8220; hover_enabled=&#8220;0&#8243; global_colors_info=&#8220;{}&#8220; _dynamic_attributes=&#8220;url&#8220; sticky_enabled=&#8220;0&#8243;][\/et_pb_image][et_pb_text _builder_version=&#8220;4.18.0&#8243; _module_preset=&#8220;default&#8220; text_line_height=&#8220;1.5em&#8220; link_text_color=&#8220;#1C1C1C&#8220; max_width=&#8220;100%&#8220; hover_enabled=&#8220;0&#8243; global_colors_info=&#8220;{}&#8220; link_text_color__hover_enabled=&#8220;on|hover&#8220; link_text_color__hover=&#8220;#B2191D&#8220; link_option_url=&#8220;@ET-DC@eyJkeW5hbWljIjp0cnVlLCJjb250ZW50IjoicG9zdF9saW5rX3VybF9wb3J0ZV9wZXJfZXN0ZXJuaSIsInNldHRpbmdzIjp7InBvc3RfaWQiOiI2NjA4In19@&#8220; _dynamic_attributes=&#8220;link_option_url&#8220; sticky_enabled=&#8220;0&#8243;]<\/p>\n<hr width=\"100px\" align=\"left\" size=\"2px\" color=\"#b2191d\" \/>\n<p><b>DESIGNPLY <\/b><\/p>\n<p>Genutete platten<\/p>\n<p>[\/et_pb_text][\/et_pb_column][\/et_pb_row][et_pb_row column_structure=&#8220;1_3,1_3,1_3&#8243; _builder_version=&#8220;4.18.0&#8243; _module_preset=&#8220;default&#8220; custom_padding=&#8220;||||false|false&#8220; global_colors_info=&#8220;{}&#8220;][et_pb_column type=&#8220;1_3&#8243; _builder_version=&#8220;4.18.0&#8243; _module_preset=&#8220;default&#8220; global_colors_info=&#8220;{}&#8220;][et_pb_image src=&#8220;http:\/\/saiscompensati.com\/wp-content\/uploads\/2022\/09\/compensato-stratificato-per-porte.jpg&#8220; title_text=&#8220;compensato-stratificato-per-porte&#8220; url=&#8220;@ET-DC@eyJkeW5hbWljIjp0cnVlLCJjb250ZW50IjoicG9zdF9saW5rX3VybF9wb3J0ZV9wZXJfZXN0ZXJuaSIsInNldHRpbmdzIjp7InBvc3RfaWQiOiI2NjEwIn19@&#8220; _builder_version=&#8220;4.18.0&#8243; _module_preset=&#8220;default&#8220; hover_enabled=&#8220;0&#8243; global_colors_info=&#8220;{}&#8220; _dynamic_attributes=&#8220;url&#8220; sticky_enabled=&#8220;0&#8243;][\/et_pb_image][et_pb_text _builder_version=&#8220;4.18.0&#8243; _module_preset=&#8220;default&#8220; text_line_height=&#8220;1.5em&#8220; link_text_color=&#8220;#1C1C1C&#8220; max_width=&#8220;100%&#8220; hover_enabled=&#8220;0&#8243; global_colors_info=&#8220;{}&#8220; link_text_color__hover=&#8220;#B2191D&#8220; link_text_color__hover_enabled=&#8220;on|hover&#8220; link_option_url=&#8220;@ET-DC@eyJkeW5hbWljIjp0cnVlLCJjb250ZW50IjoicG9zdF9saW5rX3VybF9wb3J0ZV9wZXJfZXN0ZXJuaSIsInNldHRpbmdzIjp7InBvc3RfaWQiOiI2NjEwIn19@&#8220; _dynamic_attributes=&#8220;link_option_url&#8220; sticky_enabled=&#8220;0&#8243;]<\/p>\n<hr width=\"100px\" align=\"left\" size=\"2px\" color=\"#b2191d\" \/>\n<p><b>FULLUNGPLY <\/b><\/p>\n<p>Haust\u00fcrf\u00fcllungen<\/p>\n<p>[\/et_pb_text][\/et_pb_column][et_pb_column type=&#8220;1_3&#8243; _builder_version=&#8220;4.18.0&#8243; _module_preset=&#8220;default&#8220; global_colors_info=&#8220;{}&#8220;][et_pb_image src=&#8220;http:\/\/saiscompensati.com\/wp-content\/uploads\/2022\/09\/compensato-unidirezionale.jpg&#8220; title_text=&#8220;compensato-unidirezionale&#8220; url=&#8220;@ET-DC@eyJkeW5hbWljIjp0cnVlLCJjb250ZW50IjoicG9zdF9saW5rX3VybF9wb3J0ZV9wZXJfZXN0ZXJuaSIsInNldHRpbmdzIjp7InBvc3RfaWQiOiI2NjExIn19@&#8220; _builder_version=&#8220;4.18.0&#8243; _module_preset=&#8220;default&#8220; hover_enabled=&#8220;0&#8243; global_colors_info=&#8220;{}&#8220; _dynamic_attributes=&#8220;url&#8220; sticky_enabled=&#8220;0&#8243;][\/et_pb_image][et_pb_text _builder_version=&#8220;4.18.0&#8243; _module_preset=&#8220;default&#8220; text_line_height=&#8220;1.5em&#8220; link_text_color=&#8220;#1C1C1C&#8220; max_width=&#8220;100%&#8220; hover_enabled=&#8220;0&#8243; global_colors_info=&#8220;{}&#8220; link_text_color__hover=&#8220;#B2191D&#8220; link_text_color__hover_enabled=&#8220;on|hover&#8220; link_option_url=&#8220;@ET-DC@eyJkeW5hbWljIjp0cnVlLCJjb250ZW50IjoicG9zdF9saW5rX3VybF9wb3J0ZV9wZXJfZXN0ZXJuaSIsInNldHRpbmdzIjp7InBvc3RfaWQiOiI2NjExIn19@&#8220; _dynamic_attributes=&#8220;link_option_url&#8220; sticky_enabled=&#8220;0&#8243;]<\/p>\n<hr width=\"100px\" align=\"left\" size=\"2px\" color=\"#b2191d\" \/>\n<p><b>SOLIDPLY <\/b><\/p>\n<p>Platten mit massivholzeffekt Mittellagen\n<\/p>\n<p>[\/et_pb_text][\/et_pb_column][et_pb_column type=&#8220;1_3&#8243; _builder_version=&#8220;4.18.0&#8243; _module_preset=&#8220;default&#8220; global_colors_info=&#8220;{}&#8220;][et_pb_image src=&#8220;http:\/\/saiscompensati.com\/wp-content\/uploads\/2022\/09\/compensato-da-pantografare.jpg&#8220; title_text=&#8220;compensato-da-pantografare&#8220; url=&#8220;http:\/\/saiscompensati.com\/de\/porte_per_esterni\/grooveply\/&#8220; _builder_version=&#8220;4.18.0&#8243; _module_preset=&#8220;default&#8220; hover_enabled=&#8220;0&#8243; global_colors_info=&#8220;{}&#8220; sticky_enabled=&#8220;0&#8243;][\/et_pb_image][et_pb_text _builder_version=&#8220;4.18.0&#8243; _module_preset=&#8220;default&#8220; text_line_height=&#8220;1.5em&#8220; link_text_color=&#8220;#1C1C1C&#8220; max_width=&#8220;100%&#8220; global_colors_info=&#8220;{}&#8220; link_text_color__hover=&#8220;#B2191D&#8220; link_text_color__hover_enabled=&#8220;on|hover&#8220;]<\/p>\n<hr width=\"100px\" align=\"left\" size=\"2px\" color=\"#b2191d\" \/>\n<p><a href=\"http:\/\/saiscompensati.com\/de\/porte_per_esterni\/grooveply\/\"><b>GROOVEPLY <\/b><\/a><\/p>\n<p><a href=\"http:\/\/saiscompensati.com\/de\/porte_per_esterni\/grooveply\/\">Haust\u00fcrplatten zum fr\u00e4sen<\/a><\/p>\n<p>[\/et_pb_text][\/et_pb_column][\/et_pb_row][et_pb_row column_structure=&#8220;1_3,1_3,1_3&#8243; _builder_version=&#8220;4.18.0&#8243; _module_preset=&#8220;default&#8220; custom_padding=&#8220;||||false|false&#8220; global_colors_info=&#8220;{}&#8220;][et_pb_column type=&#8220;1_3&#8243; _builder_version=&#8220;4.18.0&#8243; _module_preset=&#8220;default&#8220; global_colors_info=&#8220;{}&#8220;][et_pb_image src=&#8220;http:\/\/saiscompensati.com\/wp-content\/uploads\/2022\/09\/MDF-exterior-con-alluminio.jpg&#8220; title_text=&#8220;MDF-exterior-con-alluminio&#8220; url=&#8220;http:\/\/saiscompensati.com\/de\/porte_per_esterni\/dryboard\/&#8220; _builder_version=&#8220;4.18.0&#8243; _module_preset=&#8220;default&#8220; global_colors_info=&#8220;{}&#8220;][\/et_pb_image][et_pb_text _builder_version=&#8220;4.18.0&#8243; _module_preset=&#8220;default&#8220; text_line_height=&#8220;1.5em&#8220; link_text_color=&#8220;#1C1C1C&#8220; max_width=&#8220;100%&#8220; global_colors_info=&#8220;{}&#8220; link_text_color__hover=&#8220;#B2191D&#8220; link_text_color__hover_enabled=&#8220;on|hover&#8220;]<\/p>\n<hr width=\"100px\" align=\"left\" size=\"2px\" color=\"#b2191d\" \/>\n<p><a href=\"http:\/\/saiscompensati.com\/de\/porte_per_esterni\/dryboard\/\"><b>DRYBOARD <\/b><\/a><\/p>\n<p><a href=\"http:\/\/saiscompensati.com\/de\/porte_per_esterni\/dryboard\/\">MDF exterior mit aluminium<\/a><\/p>\n<p>[\/et_pb_text][\/et_pb_column][et_pb_column type=&#8220;1_3&#8243; _builder_version=&#8220;4.18.0&#8243; _module_preset=&#8220;default&#8220; global_colors_info=&#8220;{}&#8220;][et_pb_image src=&#8220;http:\/\/saiscompensati.com\/wp-content\/uploads\/2022\/09\/compensato-per-porte-con-alluminio.jpg&#8220; title_text=&#8220;compensato-per-porte-con-alluminio&#8220; url=&#8220;http:\/\/saiscompensati.com\/de\/porte_per_esterni\/dryplex\/&#8220; _builder_version=&#8220;4.18.0&#8243; _module_preset=&#8220;default&#8220; max_width=&#8220;100%&#8220; locked=&#8220;off&#8220; global_colors_info=&#8220;{}&#8220;][\/et_pb_image][et_pb_text _builder_version=&#8220;4.18.0&#8243; _module_preset=&#8220;default&#8220; text_line_height=&#8220;1.5em&#8220; link_text_color=&#8220;#1C1C1C&#8220; max_width=&#8220;100%&#8220; global_colors_info=&#8220;{}&#8220; link_text_color__hover=&#8220;#B2191D&#8220; link_text_color__hover_enabled=&#8220;on|hover&#8220;]<\/p>\n<hr width=\"100px\" align=\"left\" size=\"2px\" color=\"#b2191d\" \/>\n<p><a href=\"http:\/\/saiscompensati.com\/de\/porte_per_esterni\/dryplex\/\"><b>DRYPLEX <\/b><\/a><\/p>\n<p><a href=\"http:\/\/saiscompensati.com\/de\/porte_per_esterni\/dryplex\/\">Haust\u00fcrplatten mit aliminium<\/a><\/p>\n<p>[\/et_pb_text][\/et_pb_column][et_pb_column type=&#8220;1_3&#8243; _builder_version=&#8220;4.18.0&#8243; _module_preset=&#8220;default&#8220; global_colors_info=&#8220;{}&#8220;][et_pb_image src=&#8220;http:\/\/saiscompensati.com\/wp-content\/uploads\/2022\/09\/compensato-per-porte-esterne.jpg&#8220; title_text=&#8220;compensato-per-porte-esterne&#8220; url=&#8220;@ET-DC@eyJkeW5hbWljIjp0cnVlLCJjb250ZW50IjoicG9zdF9saW5rX3VybF9wb3J0ZV9wZXJfZXN0ZXJuaSIsInNldHRpbmdzIjp7InBvc3RfaWQiOiI2NjIxIn19@&#8220; _builder_version=&#8220;4.18.0&#8243; _module_preset=&#8220;default&#8220; hover_enabled=&#8220;0&#8243; locked=&#8220;off&#8220; global_colors_info=&#8220;{}&#8220; _dynamic_attributes=&#8220;url&#8220; sticky_enabled=&#8220;0&#8243;][\/et_pb_image][et_pb_text _builder_version=&#8220;4.18.0&#8243; _module_preset=&#8220;default&#8220; text_line_height=&#8220;1.5em&#8220; link_text_color=&#8220;#1C1C1C&#8220; max_width=&#8220;100%&#8220; hover_enabled=&#8220;0&#8243; global_colors_info=&#8220;{}&#8220; link_text_color__hover=&#8220;#B2191D&#8220; link_text_color__hover_enabled=&#8220;on|hover&#8220; link_option_url=&#8220;@ET-DC@eyJkeW5hbWljIjp0cnVlLCJjb250ZW50IjoicG9zdF9saW5rX3VybF9wb3J0ZV9wZXJfZXN0ZXJuaSIsInNldHRpbmdzIjp7InBvc3RfaWQiOiI2NjIxIn19@&#8220; _dynamic_attributes=&#8220;link_option_url&#8220; sticky_enabled=&#8220;0&#8243;]<\/p>\n<hr width=\"100px\" align=\"left\" size=\"2px\" color=\"#b2191d\" \/>\n<p><b>PLYTOP<\/b><\/p>\n<p>Platten f\u00fcr haust\u00fcren<\/p>\n<p>[\/et_pb_text][\/et_pb_column][\/et_pb_row][\/et_pb_section]<\/p>\n","protected":false},"excerpt":{"rendered":"<p>PRODUKTEHolz Haust\u00fcrenAltri prodotti: SCHIFFSBAU M\u00d6BELINDUSTRIE SAUNABAU SILENTIUM Sandwich &#8211; Platten mit doppel Funktion CLIMABOARD Sandwich &#8211; Platten DESIGNPLY Genutete platten FULLUNGPLY Haust\u00fcrf\u00fcllungen SOLIDPLY Platten mit massivholzeffekt Mittellagen GROOVEPLY Haust\u00fcrplatten zum fr\u00e4sen DRYBOARD MDF exterior mit aluminium DRYPLEX Haust\u00fcrplatten mit aliminium PLYTOP Platten f\u00fcr haust\u00fcren<\/p>\n","protected":false},"author":1,"featured_media":0,"parent":7085,"menu_order":0,"comment_status":"closed","ping_status":"closed","template":"","meta":{"_et_pb_use_builder":"on","_et_pb_old_content":"","_et_gb_content_width":"","footnotes":""},"class_list":["post-7119","page","type-page","status-publish","hentry"],"_links":{"self":[{"href":"https:\/\/saiscompensati.com\/de\/wp-json\/wp\/v2\/pages\/7119","targetHints":{"allow":["GET"]}}],"collection":[{"href":"https:\/\/saiscompensati.com\/de\/wp-json\/wp\/v2\/pages"}],"about":[{"href":"https:\/\/saiscompensati.com\/de\/wp-json\/wp\/v2\/types\/page"}],"author":[{"embeddable":true,"href":"https:\/\/saiscompensati.com\/de\/wp-json\/wp\/v2\/users\/1"}],"replies":[{"embeddable":true,"href":"https:\/\/saiscompensati.com\/de\/wp-json\/wp\/v2\/comments?post=7119"}],"version-history":[{"count":14,"href":"https:\/\/saiscompensati.com\/de\/wp-json\/wp\/v2\/pages\/7119\/revisions"}],"predecessor-version":[{"id":7293,"href":"https:\/\/saiscompensati.com\/de\/wp-json\/wp\/v2\/pages\/7119\/revisions\/7293"}],"up":[{"embeddable":true,"href":"https:\/\/saiscompensati.com\/de\/wp-json\/wp\/v2\/pages\/7085"}],"wp:attachment":[{"href":"https:\/\/saiscompensati.com\/de\/wp-json\/wp\/v2\/media?parent=7119"}],"curies":[{"name":"wp","href":"https:\/\/api.w.org\/{rel}","templated":true}]}}